{"id":4851,"date":"2024-09-06T18:56:43","date_gmt":"2024-09-06T18:56:43","guid":{"rendered":"https:\/\/kostivcardinal.com\/localizaciones-en-california\/"},"modified":"2025-09-03T02:08:26","modified_gmt":"2025-09-03T02:08:26","slug":"localizaciones-en-california","status":"publish","type":"page","link":"https:\/\/kostivcardinal.com\/es\/localizaciones-en-california\/","title":{"rendered":"Localizaciones en California"},"content":{"rendered":"\t\t<div data-elementor-type=\"wp-page\" data-elementor-id=\"4851\" class=\"elementor elementor-4851 elementor-2920\" data-elementor-post-type=\"page\">\n\t\t\t\t<div class=\"elementor-element elementor-element-2b0912fa e-flex e-con-boxed e-con e-parent\" data-id=\"2b0912fa\" data-element_type=\"container\" data-settings=\"{&quot;background_background&quot;:&quot;classic&quot;}\">\n\t\t\t\t\t<div class=\"e-con-inner\">\n\t\t\t\t<div class=\"elementor-element elementor-element-426816df elementor-widget elementor-widget-heading\" data-id=\"426816df\" data-element_type=\"widget\" data-widget_type=\"heading.default\">\n\t\t\t\t<div class=\"elementor-widget-container\">\n\t\t\t<h2 class=\"elementor-heading-title elementor-size-default\">Sedes de Kostiv Cardinal California<\/h2>\t\t<\/div>\n\t\t\t\t<\/div>\n\t\t\t\t\t<\/div>\n\t\t\t\t<\/div>\n\t\t<div class=\"elementor-element elementor-element-b0cff16 e-con-full e-flex e-con e-parent\" data-id=\"b0cff16\" data-element_type=\"container\">\n\t\t\t\t<div class=\"elementor-element elementor-element-28b8c64 elementor-widget elementor-widget-image\" data-id=\"28b8c64\" data-element_type=\"widget\" data-widget_type=\"image.default\">\n\t\t\t\t<div class=\"elementor-widget-container\">\n\t\t\t\t\t\t\t\t\t\t\t\t\t<img fetchpriority=\"high\" decoding=\"async\" width=\"1920\" height=\"600\" src=\"https:\/\/kostivcardinal.com\/wp-content\/uploads\/2024\/09\/Kostiv-Cardinal-Immigration-Personal-Injury-and-Bankruptcy-Lawyer-Location-California-Home.jpg\" class=\"attachment-full size-full wp-image-4794\" alt=\"\" srcset=\"https:\/\/kostivcardinal.com\/wp-content\/uploads\/2024\/09\/Kostiv-Cardinal-Immigration-Personal-Injury-and-Bankruptcy-Lawyer-Location-California-Home.jpg 1920w, https:\/\/kostivcardinal.com\/wp-content\/uploads\/2024\/09\/Kostiv-Cardinal-Immigration-Personal-Injury-and-Bankruptcy-Lawyer-Location-California-Home-300x94.jpg 300w, https:\/\/kostivcardinal.com\/wp-content\/uploads\/2024\/09\/Kostiv-Cardinal-Immigration-Personal-Injury-and-Bankruptcy-Lawyer-Location-California-Home-1024x320.jpg 1024w, https:\/\/kostivcardinal.com\/wp-content\/uploads\/2024\/09\/Kostiv-Cardinal-Immigration-Personal-Injury-and-Bankruptcy-Lawyer-Location-California-Home-768x240.jpg 768w, https:\/\/kostivcardinal.com\/wp-content\/uploads\/2024\/09\/Kostiv-Cardinal-Immigration-Personal-Injury-and-Bankruptcy-Lawyer-Location-California-Home-1536x480.jpg 1536w, https:\/\/kostivcardinal.com\/wp-content\/uploads\/2024\/09\/Kostiv-Cardinal-Immigration-Personal-Injury-and-Bankruptcy-Lawyer-Location-California-Home-480x150.jpg 480w\" sizes=\"(max-width: 1920px) 100vw, 1920px\" title=\"Kostiv Cardinal Immigration, Personal Injury, and Bankruptcy Lawyer Location California Home\" \/>\t\t\t\t\t\t\t\t\t\t\t\t\t<\/div>\n\t\t\t\t<\/div>\n\t\t\t\t<\/div>\n\t\t<div class=\"elementor-element elementor-element-36ae9ec5 e-flex e-con-boxed e-con e-parent\" data-id=\"36ae9ec5\" data-element_type=\"container\">\n\t\t\t\t\t<div class=\"e-con-inner\">\n\t\t\t\t<div class=\"elementor-element elementor-element-6a4a05c3 elementor-widget elementor-widget-heading\" data-id=\"6a4a05c3\" data-element_type=\"widget\" id=\"Proudly Serving The Following Locations\" data-widget_type=\"heading.default\">\n\t\t\t\t<div class=\"elementor-widget-container\">\n\t\t\t<h2 class=\"elementor-heading-title elementor-size-default\">Tus Defensores de Confianza en Derecho de Inmigraci\u00f3n, Lesiones Personales y Quiebras<\/h2>\t\t<\/div>\n\t\t\t\t<\/div>\n\t\t\t\t<div class=\"elementor-element-custom_font_family elementor-element-custom_font_weight elementor-element-custom_color elementor-element elementor-element-722cda07 elementor-widget elementor-widget-text-editor\" data-id=\"722cda07\" data-element_type=\"widget\" data-widget_type=\"text-editor.default\">\n\t\t\t\t<div class=\"elementor-widget-container\">\n\t\t\t\t\t\t\t<h3>Orgullosamente Sirviendo Las Siguientes Localidades<\/h3>\t\t\t\t\t\t<\/div>\n\t\t\t\t<\/div>\n\t\t\t\t\t<\/div>\n\t\t\t\t<\/div>\n\t\t<div class=\"elementor-element elementor-element-1ec796b1 e-flex e-con-boxed e-con e-parent\" data-id=\"1ec796b1\" data-element_type=\"container\">\n\t\t\t\t\t<div class=\"e-con-inner\">\n\t\t<div class=\"elementor-element elementor-element-7713d0f3 e-con-full e-flex e-con e-child\" data-id=\"7713d0f3\" data-element_type=\"container\">\n\t\t\t\t<div class=\"elementor-element elementor-element-15d74cd4 elementor-widget elementor-widget-image\" data-id=\"15d74cd4\" data-element_type=\"widget\" data-widget_type=\"image.default\">\n\t\t\t\t<div class=\"elementor-widget-container\">\n\t\t\t\t\t\t\t\t\t\t\t\t\t\t<a href=\"https:\/\/kostivcardinal.com\/es\/areas-de-practica-juridica\/\">\n\t\t\t\t\t\t\t<img decoding=\"async\" width=\"600\" height=\"600\" src=\"https:\/\/kostivcardinal.com\/wp-content\/uploads\/2024\/09\/Kostiv-Cardinal-Location-California.jpg\" class=\"elementor-animation-grow attachment-large size-large wp-image-4789\" alt=\"\" srcset=\"https:\/\/kostivcardinal.com\/wp-content\/uploads\/2024\/09\/Kostiv-Cardinal-Location-California.jpg 600w, https:\/\/kostivcardinal.com\/wp-content\/uploads\/2024\/09\/Kostiv-Cardinal-Location-California-300x300.jpg 300w, https:\/\/kostivcardinal.com\/wp-content\/uploads\/2024\/09\/Kostiv-Cardinal-Location-California-150x150.jpg 150w, https:\/\/kostivcardinal.com\/wp-content\/uploads\/2024\/09\/Kostiv-Cardinal-Location-California-480x480.jpg 480w\" sizes=\"(max-width: 600px) 100vw, 600px\" title=\"Kostiv Cardinal Immigration, Personal Injury, and Bankruptcy Lawyer Location California\" \/>\t\t\t\t\t\t\t\t<\/a>\n\t\t\t\t\t\t\t\t\t\t\t\t\t<\/div>\n\t\t\t\t<\/div>\n\t\t\t\t<div class=\"elementor-element-custom_font_family elementor-element-custom_font_weight elementor-element-custom_color elementor-element elementor-element-6f8f2e84 elementor-widget elementor-widget-text-editor\" data-id=\"6f8f2e84\" data-element_type=\"widget\" data-widget_type=\"text-editor.default\">\n\t\t\t\t<div class=\"elementor-widget-container\">\n\t\t\t\t\t\t\t<h3>Los Angeles<\/h3>\t\t\t\t\t\t<\/div>\n\t\t\t\t<\/div>\n\t\t\t\t<div class=\"elementor-element-custom_font_family elementor-element-custom_font_weight elementor-element-custom_color elementor-element elementor-element-390e9a47 elementor-widget elementor-widget-text-editor\" data-id=\"390e9a47\" data-element_type=\"widget\" data-widget_type=\"text-editor.default\">\n\t\t\t\t<div class=\"elementor-widget-container\">\n\t\t\t\t\t\t\t<p>Especializado en Derecho de Inmigraci\u00f3n, Lesiones Personales y Quiebras.<\/p>\t\t\t\t\t\t<\/div>\n\t\t\t\t<\/div>\n\t\t\t\t<\/div>\n\t\t<div class=\"elementor-element elementor-element-31189bf0 e-con-full e-flex e-con e-child\" data-id=\"31189bf0\" data-element_type=\"container\">\n\t\t\t\t<div class=\"elementor-element elementor-element-1478c692 elementor-widget elementor-widget-image\" data-id=\"1478c692\" data-element_type=\"widget\" data-widget_type=\"image.default\">\n\t\t\t\t<div class=\"elementor-widget-container\">\n\t\t\t\t\t\t\t\t\t\t\t\t\t<img decoding=\"async\" width=\"600\" height=\"600\" src=\"https:\/\/kostivcardinal.com\/wp-content\/uploads\/2024\/09\/Kostiv-Cardinal-Immigration-Personal-Injury-and-Bankruptcy-Lawyer-Location-Ontario-California-Image.jpg\" class=\"elementor-animation-grow attachment-large size-large wp-image-4796\" alt=\"\" srcset=\"https:\/\/kostivcardinal.com\/wp-content\/uploads\/2024\/09\/Kostiv-Cardinal-Immigration-Personal-Injury-and-Bankruptcy-Lawyer-Location-Ontario-California-Image.jpg 600w, https:\/\/kostivcardinal.com\/wp-content\/uploads\/2024\/09\/Kostiv-Cardinal-Immigration-Personal-Injury-and-Bankruptcy-Lawyer-Location-Ontario-California-Image-300x300.jpg 300w, https:\/\/kostivcardinal.com\/wp-content\/uploads\/2024\/09\/Kostiv-Cardinal-Immigration-Personal-Injury-and-Bankruptcy-Lawyer-Location-Ontario-California-Image-150x150.jpg 150w, https:\/\/kostivcardinal.com\/wp-content\/uploads\/2024\/09\/Kostiv-Cardinal-Immigration-Personal-Injury-and-Bankruptcy-Lawyer-Location-Ontario-California-Image-480x480.jpg 480w\" sizes=\"(max-width: 600px) 100vw, 600px\" title=\"Kostiv Cardinal Immigration, Personal Injury, and Bankruptcy Lawyer Location Ontario California Image\" \/>\t\t\t\t\t\t\t\t\t\t\t\t\t<\/div>\n\t\t\t\t<\/div>\n\t\t\t\t<div class=\"elementor-element-custom_font_family elementor-element-custom_font_weight elementor-element-custom_color elementor-element elementor-element-64b74154 elementor-widget elementor-widget-text-editor\" data-id=\"64b74154\" data-element_type=\"widget\" data-widget_type=\"text-editor.default\">\n\t\t\t\t<div class=\"elementor-widget-container\">\n\t\t\t\t\t\t\t<h3>Ontario<\/h3>\t\t\t\t\t\t<\/div>\n\t\t\t\t<\/div>\n\t\t\t\t<div class=\"elementor-element-custom_font_family elementor-element-custom_font_weight elementor-element-custom_color elementor-element elementor-element-2449de4 elementor-widget elementor-widget-text-editor\" data-id=\"2449de4\" data-element_type=\"widget\" data-widget_type=\"text-editor.default\">\n\t\t\t\t<div class=\"elementor-widget-container\">\n\t\t\t\t\t\t\t<p>Especializado en Derecho de Inmigraci\u00f3n, Lesiones Personales y Quiebras.<\/p>\t\t\t\t\t\t<\/div>\n\t\t\t\t<\/div>\n\t\t\t\t<\/div>\n\t\t\t\t\t<\/div>\n\t\t\t\t<\/div>\n\t\t<div class=\"elementor-element elementor-element-34d504c9 e-flex e-con-boxed e-con e-parent\" data-id=\"34d504c9\" data-element_type=\"container\" data-settings=\"{&quot;background_background&quot;:&quot;classic&quot;}\">\n\t\t\t\t\t<div class=\"e-con-inner\">\n\t\t\t\t<div class=\"elementor-element elementor-element-5809ab94 elementor-widget elementor-widget-heading\" data-id=\"5809ab94\" data-element_type=\"widget\" data-widget_type=\"heading.default\">\n\t\t\t\t<div class=\"elementor-widget-container\">\n\t\t\t<h2 class=\"elementor-heading-title elementor-size-default\">\u00bfPor qu\u00e9 elegir a Kostiv Cardinal para tu caso legal?<\/h2>\t\t<\/div>\n\t\t\t\t<\/div>\n\t\t\t\t<div class=\"elementor-element-custom_font_family elementor-element-custom_font_weight elementor-element-custom_color elementor-element elementor-element-68dd0788 elementor-widget elementor-widget-text-editor\" data-id=\"68dd0788\" data-element_type=\"widget\" data-widget_type=\"text-editor.default\">\n\t\t\t\t<div class=\"elementor-widget-container\">\n\t\t\t\t\t\t\t<div class=\"elementor-element elementor-element-6a1c8115 elementor-widget elementor-widget-heading\" data-id=\"6a1c8115\" data-element_type=\"widget\" data-widget_type=\"heading.default\"><div class=\"elementor-widget-container\"> <\/div><\/div><div class=\"elementor-element-custom_font_family elementor-element-custom_font_weight elementor-element-custom_color elementor-element elementor-element-defc2e elementor-widget elementor-widget-text-editor\" data-id=\"defc2e\" data-element_type=\"widget\" data-widget_type=\"text-editor.default\"><div class=\"elementor-widget-container\"><p>En Kostiv Cardinal, abordamos cada caso con empat\u00eda y dedicaci\u00f3n. Tanto si te enfrentas a problemas de inmigraci\u00f3n, como si te recuperas de una lesi\u00f3n personal o te enfrentas a dificultades econ\u00f3micas por una quiebra, comprendemos las complejidades emocionales y jur\u00eddicas que ello conlleva. Nuestro equipo se compromete a prestar apoyo jur\u00eddico personalizado adaptado a tus necesidades espec\u00edficas, garantizando que recibas el mejor resultado posible.  <\/p><\/div><\/div><div class=\"elementor-element-custom_font_family elementor-element-custom_font_weight elementor-element-custom_color elementor-element elementor-element-3df89746 elementor-widget elementor-widget-text-editor\" data-id=\"3df89746\" data-element_type=\"widget\" data-widget_type=\"text-editor.default\"><div class=\"elementor-widget-container\"><h4><b>Experiencia y conocimientos:<\/b><\/h4><p>Nuestros abogados han llevado con \u00e9xito una amplia variedad de casos de inmigraci\u00f3n, lesiones personales y derecho concursal. Desde complejas peticiones y recursos de inmigraci\u00f3n hasta conseguir la m\u00e1xima indemnizaci\u00f3n en reclamaciones por lesiones y guiar a los clientes a trav\u00e9s del Cap\u00edtulo 7 o del Cap\u00edtulo 11 de la Ley Concursal, sabemos c\u00f3mo sortear los retos legales que se plantean. Somos expertos en presentar casos s\u00f3lidos ante jueces, funcionarios de inmigraci\u00f3n y partes contrarias, garantizando los mejores resultados para nuestros clientes.  <\/p><h4><b>Atenci\u00f3n personalizada:<\/b><\/h4><p>Entendemos que la situaci\u00f3n de cada cliente es \u00fanica. Nuestro equipo se toma el tiempo necesario para escuchar tu historia, comprender tus necesidades y elaborar una estrategia jur\u00eddica que se adapte a tus circunstancias. A lo largo del proceso, te informamos con regularidad y de forma clara, para que te sientas respaldado e informado en todo momento.  <\/p><h4><b>Defensa compasiva:<\/b><\/h4><p>Muchos de los miembros de nuestro equipo, tienen experiencias personales que inspiran su pasi\u00f3n por el Derecho. Comprendemos de primera mano el estr\u00e9s y los retos a los que puedes enfrentarte, ya sea en asuntos de inmigraci\u00f3n, lesiones personales o quiebra. Nos dedicamos a luchar por tus derechos y a ayudarte a avanzar hacia un futuro mejor.  <\/p><\/div><\/div>\t\t\t\t\t\t<\/div>\n\t\t\t\t<\/div>\n\t\t\t\t\t<\/div>\n\t\t\t\t<\/div>\n\t\t<div class=\"elementor-element elementor-element-10fc7ad9 e-flex e-con-boxed e-con e-parent\" data-id=\"10fc7ad9\" data-element_type=\"container\">\n\t\t\t\t\t<div class=\"e-con-inner\">\n\t\t\t\t<div class=\"elementor-element elementor-element-17a3b794 elementor-widget elementor-widget-heading\" data-id=\"17a3b794\" data-element_type=\"widget\" data-widget_type=\"heading.default\">\n\t\t\t\t<div class=\"elementor-widget-container\">\n\t\t\t<h3 class=\"elementor-heading-title elementor-size-default\">Deja que Kostiv Cardinal te gu\u00ede en tu viaje legal<\/h3>\t\t<\/div>\n\t\t\t\t<\/div>\n\t\t\t\t<div class=\"elementor-element-custom_font_family elementor-element-custom_font_weight elementor-element-custom_color elementor-element elementor-element-7d982b3b elementor-widget elementor-widget-text-editor\" data-id=\"7d982b3b\" data-element_type=\"widget\" data-widget_type=\"text-editor.default\">\n\t\t\t\t<div class=\"elementor-widget-container\">\n\t\t\t\t\t\t\t<p><span>Tanto si quieres reunirte con tus seres queridos, como si buscas indemnizaci\u00f3n por una lesi\u00f3n o alivio econ\u00f3mico mediante la quiebra, nuestro experimentado equipo est\u00e1 aqu\u00ed para ayudarte.<\/span><span> <\/span><strong>Reserva tu consulta hoy mismo<\/strong><span> <\/span><span>y descubre c\u00f3mo podemos ayudarte a alcanzar tus objetivos legales con confianza y tranquilidad.<\/span><\/p>\t\t\t\t\t\t<\/div>\n\t\t\t\t<\/div>\n\t\t\t\t<div class=\"elementor-element elementor-element-74c55741 elementor-align-center elementor-widget elementor-widget-button\" data-id=\"74c55741\" data-element_type=\"widget\" data-widget_type=\"button.default\">\n\t\t\t\t<div class=\"elementor-widget-container\">\n\t\t\t\t\t<div class=\"elementor-button-wrapper\">\n\t\t\t<a class=\"elementor-button elementor-button-link elementor-size-sm\" href=\"#Orgullosamente%20Sirviendo%20Las%20Siguientes%20Localidades\">\n\t\t\t\t\t\t<span class=\"elementor-button-content-wrapper\">\n\t\t\t\t\t\t\t\t\t<span class=\"elementor-button-text\">SELECCIONA TU UBICACI\u00d3N<\/span>\n\t\t\t\t\t<\/span>\n\t\t\t\t\t<\/a>\n\t\t<\/div>\n\t\t\t\t<\/div>\n\t\t\t\t<\/div>\n\t\t\t\t\t<\/div>\n\t\t\t\t<\/div>\n\t\t\t\t<\/div>\n\t\t","protected":false},"excerpt":{"rendered":"<p>Sedes de Kostiv Cardinal California Tus Defensores de Confianza en Derecho de Inmigraci\u00f3n, Lesiones Personales y Quiebras Orgullosamente Sirviendo Las Siguientes Localidades Los Angeles Especializado en Derecho de Inmigraci\u00f3n, Lesiones Personales y Quiebras. Ontario Especializado en Derecho de Inmigraci\u00f3n, Lesiones Personales y Quiebras. \u00bfPor qu\u00e9 elegir a Kostiv Cardinal para tu caso legal? En Kostiv [&hellip;]<\/p>\n","protected":false},"author":1,"featured_media":0,"parent":0,"menu_order":0,"comment_status":"closed","ping_status":"closed","template":"","meta":{"footnotes":""},"class_list":["post-4851","page","type-page","status-publish","hentry"],"yoast_head":"<!-- This site is optimized with the Yoast SEO Premium plugin v24.7 (Yoast SEO v24.7) - https:\/\/yoast.com\/wordpress\/plugins\/seo\/ -->\n<title>Localizaciones en California - Kostiv Cardinal<\/title>\n<meta name=\"description\" content=\"Kostiv Cardinal Abogados de Inmigraci\u00f3n de Los \u00c1ngeles. Consigue tus objetivos legales. Ponte en contacto con nosotros hoy mismo para obtener asesoramiento legal experto y una consulta gratuita.\" \/>\n<meta name=\"robots\" content=\"index, follow, max-snippet:-1, max-image-preview:large, max-video-preview:-1\" \/>\n<link rel=\"canonical\" href=\"https:\/\/kostivcardinal.com\/es\/?page_id=4851\" \/>\n<meta property=\"og:locale\" content=\"es_ES\" \/>\n<meta property=\"og:type\" content=\"article\" \/>\n<meta property=\"og:title\" content=\"Localizaciones en California\" \/>\n<meta property=\"og:description\" content=\"Kostiv Cardinal Abogados de Inmigraci\u00f3n de Los \u00c1ngeles. Consigue tus objetivos legales. Ponte en contacto con nosotros hoy mismo para obtener asesoramiento legal experto y una consulta gratuita.\" \/>\n<meta property=\"og:url\" content=\"https:\/\/kostivcardinal.com\/es\/?page_id=4851\" \/>\n<meta property=\"og:site_name\" content=\"Kostiv Cardinal\" \/>\n<meta property=\"article:publisher\" content=\"https:\/\/facebook.com\/kostivcardinal\" \/>\n<meta property=\"article:modified_time\" content=\"2025-09-03T02:08:26+00:00\" \/>\n<meta property=\"og:image\" content=\"https:\/\/kostivcardinal.com\/wp-content\/uploads\/2024\/09\/Kostiv-Cardinal-Immigration-Personal-Injury-and-Bankruptcy-Lawyer-Location-California-Home.jpg\" \/>\n<meta name=\"twitter:card\" content=\"summary_large_image\" \/>\n<meta name=\"twitter:label1\" content=\"Tiempo de lectura\" \/>\n\t<meta name=\"twitter:data1\" content=\"2 minutos\" \/>\n<script type=\"application\/ld+json\" class=\"yoast-schema-graph\">{\"@context\":\"https:\/\/schema.org\",\"@graph\":[{\"@type\":\"WebPage\",\"@id\":\"https:\/\/kostivcardinal.com\/es\/?page_id=4851\",\"url\":\"https:\/\/kostivcardinal.com\/es\/?page_id=4851\",\"name\":\"Localizaciones en California - Kostiv Cardinal\",\"isPartOf\":{\"@id\":\"https:\/\/kostivcardinal.com\/#website\"},\"primaryImageOfPage\":{\"@id\":\"https:\/\/kostivcardinal.com\/es\/?page_id=4851#primaryimage\"},\"image\":{\"@id\":\"https:\/\/kostivcardinal.com\/es\/?page_id=4851#primaryimage\"},\"thumbnailUrl\":\"https:\/\/kostivcardinal.com\/wp-content\/uploads\/2024\/09\/Kostiv-Cardinal-Immigration-Personal-Injury-and-Bankruptcy-Lawyer-Location-California-Home.jpg\",\"datePublished\":\"2024-09-06T18:56:43+00:00\",\"dateModified\":\"2025-09-03T02:08:26+00:00\",\"description\":\"Kostiv Cardinal Abogados de Inmigraci\u00f3n de Los \u00c1ngeles. Consigue tus objetivos legales. Ponte en contacto con nosotros hoy mismo para obtener asesoramiento legal experto y una consulta gratuita.\",\"breadcrumb\":{\"@id\":\"https:\/\/kostivcardinal.com\/es\/?page_id=4851#breadcrumb\"},\"inLanguage\":\"es\",\"potentialAction\":[{\"@type\":\"ReadAction\",\"target\":[\"https:\/\/kostivcardinal.com\/es\/?page_id=4851\"]}]},{\"@type\":\"ImageObject\",\"inLanguage\":\"es\",\"@id\":\"https:\/\/kostivcardinal.com\/es\/?page_id=4851#primaryimage\",\"url\":\"https:\/\/kostivcardinal.com\/wp-content\/uploads\/2024\/09\/Kostiv-Cardinal-Immigration-Personal-Injury-and-Bankruptcy-Lawyer-Location-California-Home.jpg\",\"contentUrl\":\"https:\/\/kostivcardinal.com\/wp-content\/uploads\/2024\/09\/Kostiv-Cardinal-Immigration-Personal-Injury-and-Bankruptcy-Lawyer-Location-California-Home.jpg\"},{\"@type\":\"BreadcrumbList\",\"@id\":\"https:\/\/kostivcardinal.com\/es\/?page_id=4851#breadcrumb\",\"itemListElement\":[{\"@type\":\"ListItem\",\"position\":1,\"name\":\"Home\",\"item\":\"https:\/\/kostivcardinal.com\/es\/\"},{\"@type\":\"ListItem\",\"position\":2,\"name\":\"Localizaciones en California\"}]},{\"@type\":\"WebSite\",\"@id\":\"https:\/\/kostivcardinal.com\/#website\",\"url\":\"https:\/\/kostivcardinal.com\/\",\"name\":\"Kostiv Cardinal\",\"description\":\"Immigration Lawyers Helping Those In Need\",\"publisher\":{\"@id\":\"https:\/\/kostivcardinal.com\/#organization\"},\"potentialAction\":[{\"@type\":\"SearchAction\",\"target\":{\"@type\":\"EntryPoint\",\"urlTemplate\":\"https:\/\/kostivcardinal.com\/?s={search_term_string}\"},\"query-input\":{\"@type\":\"PropertyValueSpecification\",\"valueRequired\":true,\"valueName\":\"search_term_string\"}}],\"inLanguage\":\"es\"},{\"@type\":\"Organization\",\"@id\":\"https:\/\/kostivcardinal.com\/#organization\",\"name\":\"Kostiv Cardinal\",\"url\":\"https:\/\/kostivcardinal.com\/\",\"logo\":{\"@type\":\"ImageObject\",\"inLanguage\":\"es\",\"@id\":\"https:\/\/kostivcardinal.com\/#\/schema\/logo\/image\/\",\"url\":\"https:\/\/kostivcardinal.com\/wp-content\/uploads\/2024\/08\/Kostiv-Cardinal-Best-Immigration-Lawyers-in-Los-Angeles-Dark-Logo.png\",\"contentUrl\":\"https:\/\/kostivcardinal.com\/wp-content\/uploads\/2024\/08\/Kostiv-Cardinal-Best-Immigration-Lawyers-in-Los-Angeles-Dark-Logo.png\",\"width\":4307,\"height\":694,\"caption\":\"Kostiv Cardinal\"},\"image\":{\"@id\":\"https:\/\/kostivcardinal.com\/#\/schema\/logo\/image\/\"},\"sameAs\":[\"https:\/\/facebook.com\/kostivcardinal\"],\"email\":\"info@kostivlaw.com\",\"legalName\":\"Kostiv Cardinal\"}]}<\/script>\n<!-- \/ Yoast SEO Premium plugin. -->","yoast_head_json":{"title":"Localizaciones en California - Kostiv Cardinal","description":"Kostiv Cardinal Abogados de Inmigraci\u00f3n de Los \u00c1ngeles. Consigue tus objetivos legales. Ponte en contacto con nosotros hoy mismo para obtener asesoramiento legal experto y una consulta gratuita.","robots":{"index":"index","follow":"follow","max-snippet":"max-snippet:-1","max-image-preview":"max-image-preview:large","max-video-preview":"max-video-preview:-1"},"canonical":"https:\/\/kostivcardinal.com\/es\/?page_id=4851","og_locale":"es_ES","og_type":"article","og_title":"Localizaciones en California","og_description":"Kostiv Cardinal Abogados de Inmigraci\u00f3n de Los \u00c1ngeles. Consigue tus objetivos legales. Ponte en contacto con nosotros hoy mismo para obtener asesoramiento legal experto y una consulta gratuita.","og_url":"https:\/\/kostivcardinal.com\/es\/?page_id=4851","og_site_name":"Kostiv Cardinal","article_publisher":"https:\/\/facebook.com\/kostivcardinal","article_modified_time":"2025-09-03T02:08:26+00:00","og_image":[{"url":"https:\/\/kostivcardinal.com\/wp-content\/uploads\/2024\/09\/Kostiv-Cardinal-Immigration-Personal-Injury-and-Bankruptcy-Lawyer-Location-California-Home.jpg","type":"","width":"","height":""}],"twitter_card":"summary_large_image","twitter_misc":{"Tiempo de lectura":"2 minutos"},"schema":{"@context":"https:\/\/schema.org","@graph":[{"@type":"WebPage","@id":"https:\/\/kostivcardinal.com\/es\/?page_id=4851","url":"https:\/\/kostivcardinal.com\/es\/?page_id=4851","name":"Localizaciones en California - Kostiv Cardinal","isPartOf":{"@id":"https:\/\/kostivcardinal.com\/#website"},"primaryImageOfPage":{"@id":"https:\/\/kostivcardinal.com\/es\/?page_id=4851#primaryimage"},"image":{"@id":"https:\/\/kostivcardinal.com\/es\/?page_id=4851#primaryimage"},"thumbnailUrl":"https:\/\/kostivcardinal.com\/wp-content\/uploads\/2024\/09\/Kostiv-Cardinal-Immigration-Personal-Injury-and-Bankruptcy-Lawyer-Location-California-Home.jpg","datePublished":"2024-09-06T18:56:43+00:00","dateModified":"2025-09-03T02:08:26+00:00","description":"Kostiv Cardinal Abogados de Inmigraci\u00f3n de Los \u00c1ngeles. Consigue tus objetivos legales. Ponte en contacto con nosotros hoy mismo para obtener asesoramiento legal experto y una consulta gratuita.","breadcrumb":{"@id":"https:\/\/kostivcardinal.com\/es\/?page_id=4851#breadcrumb"},"inLanguage":"es","potentialAction":[{"@type":"ReadAction","target":["https:\/\/kostivcardinal.com\/es\/?page_id=4851"]}]},{"@type":"ImageObject","inLanguage":"es","@id":"https:\/\/kostivcardinal.com\/es\/?page_id=4851#primaryimage","url":"https:\/\/kostivcardinal.com\/wp-content\/uploads\/2024\/09\/Kostiv-Cardinal-Immigration-Personal-Injury-and-Bankruptcy-Lawyer-Location-California-Home.jpg","contentUrl":"https:\/\/kostivcardinal.com\/wp-content\/uploads\/2024\/09\/Kostiv-Cardinal-Immigration-Personal-Injury-and-Bankruptcy-Lawyer-Location-California-Home.jpg"},{"@type":"BreadcrumbList","@id":"https:\/\/kostivcardinal.com\/es\/?page_id=4851#breadcrumb","itemListElement":[{"@type":"ListItem","position":1,"name":"Home","item":"https:\/\/kostivcardinal.com\/es\/"},{"@type":"ListItem","position":2,"name":"Localizaciones en California"}]},{"@type":"WebSite","@id":"https:\/\/kostivcardinal.com\/#website","url":"https:\/\/kostivcardinal.com\/","name":"Kostiv Cardinal","description":"Immigration Lawyers Helping Those In Need","publisher":{"@id":"https:\/\/kostivcardinal.com\/#organization"},"potentialAction":[{"@type":"SearchAction","target":{"@type":"EntryPoint","urlTemplate":"https:\/\/kostivcardinal.com\/?s={search_term_string}"},"query-input":{"@type":"PropertyValueSpecification","valueRequired":true,"valueName":"search_term_string"}}],"inLanguage":"es"},{"@type":"Organization","@id":"https:\/\/kostivcardinal.com\/#organization","name":"Kostiv Cardinal","url":"https:\/\/kostivcardinal.com\/","logo":{"@type":"ImageObject","inLanguage":"es","@id":"https:\/\/kostivcardinal.com\/#\/schema\/logo\/image\/","url":"https:\/\/kostivcardinal.com\/wp-content\/uploads\/2024\/08\/Kostiv-Cardinal-Best-Immigration-Lawyers-in-Los-Angeles-Dark-Logo.png","contentUrl":"https:\/\/kostivcardinal.com\/wp-content\/uploads\/2024\/08\/Kostiv-Cardinal-Best-Immigration-Lawyers-in-Los-Angeles-Dark-Logo.png","width":4307,"height":694,"caption":"Kostiv Cardinal"},"image":{"@id":"https:\/\/kostivcardinal.com\/#\/schema\/logo\/image\/"},"sameAs":["https:\/\/facebook.com\/kostivcardinal"],"email":"info@kostivlaw.com","legalName":"Kostiv Cardinal"}]}},"_links":{"self":[{"href":"https:\/\/kostivcardinal.com\/es\/wp-json\/wp\/v2\/pages\/4851","targetHints":{"allow":["GET"]}}],"collection":[{"href":"https:\/\/kostivcardinal.com\/es\/wp-json\/wp\/v2\/pages"}],"about":[{"href":"https:\/\/kostivcardinal.com\/es\/wp-json\/wp\/v2\/types\/page"}],"author":[{"embeddable":true,"href":"https:\/\/kostivcardinal.com\/es\/wp-json\/wp\/v2\/users\/1"}],"replies":[{"embeddable":true,"href":"https:\/\/kostivcardinal.com\/es\/wp-json\/wp\/v2\/comments?post=4851"}],"version-history":[{"count":5,"href":"https:\/\/kostivcardinal.com\/es\/wp-json\/wp\/v2\/pages\/4851\/revisions"}],"predecessor-version":[{"id":11642,"href":"https:\/\/kostivcardinal.com\/es\/wp-json\/wp\/v2\/pages\/4851\/revisions\/11642"}],"wp:attachment":[{"href":"https:\/\/kostivcardinal.com\/es\/wp-json\/wp\/v2\/media?parent=4851"}],"curies":[{"name":"wp","href":"https:\/\/api.w.org\/{rel}","templated":true}]}}