{"id":7454,"date":"2024-11-05T19:52:06","date_gmt":"2024-11-05T19:52:06","guid":{"rendered":"https:\/\/kostivcardinal.com\/?page_id=7454"},"modified":"2024-11-05T21:15:00","modified_gmt":"2024-11-05T21:15:00","slug":"acerca-de-tu-cita-telefonica","status":"publish","type":"page","link":"https:\/\/kostivcardinal.com\/es\/acerca-de-tu-cita-telefonica\/","title":{"rendered":"Acerca de tu cita telef\u00f3nica"},"content":{"rendered":"\t\t<div data-elementor-type=\"wp-page\" data-elementor-id=\"7454\" class=\"elementor elementor-7454\" data-elementor-post-type=\"page\">\n\t\t\t\t<div class=\"elementor-element elementor-element-6fc03c9 e-flex e-con-boxed e-con e-parent\" data-id=\"6fc03c9\" data-element_type=\"container\">\n\t\t\t\t\t<div class=\"e-con-inner\">\n\t\t\t\t\t<\/div>\n\t\t\t\t<\/div>\n\t\t<div class=\"elementor-element elementor-element-9977588 e-flex e-con-boxed e-con e-parent\" data-id=\"9977588\" data-element_type=\"container\">\n\t\t\t\t\t<div class=\"e-con-inner\">\n\t\t\t\t<div class=\"elementor-element elementor-element-dae9670 elementor-widget elementor-widget-heading\" data-id=\"dae9670\" data-element_type=\"widget\" data-widget_type=\"heading.default\">\n\t\t\t\t<div class=\"elementor-widget-container\">\n\t\t\t<h2 class=\"elementor-heading-title elementor-size-default\">Acerca de tu cita telef\u00f3nica<\/h2>\t\t<\/div>\n\t\t\t\t<\/div>\n\t\t\t\t\t<\/div>\n\t\t\t\t<\/div>\n\t\t<div class=\"elementor-element elementor-element-9a6dbfe e-flex e-con-boxed e-con e-parent\" data-id=\"9a6dbfe\" data-element_type=\"container\">\n\t\t\t\t\t<div class=\"e-con-inner\">\n\t\t\t\t<div class=\"elementor-element-custom_font_family elementor-element-custom_font_weight elementor-element-custom_color elementor-element elementor-element-b22cb78 elementor-widget elementor-widget-text-editor\" data-id=\"b22cb78\" data-element_type=\"widget\" data-widget_type=\"text-editor.default\">\n\t\t\t\t<div class=\"elementor-widget-container\">\n\t\t\t\t\t\t\t<p><strong>El d\u00eda de la cita telef\u00f3nica favor tener la siguiente informaci\u00f3n a la mano:<\/strong><\/p>\n<ol class=\"list-items-ol\">\n<li>Fecha exacta (MES\/D\u00cdA\/A\u00d1O) en la que sali\u00f3 de su pa\u00eds de origen.<\/li>\n<li>Fecha exacta (MES\/D\u00cdA\/A\u00d1O) en la que ingres\u00f3 a Estados Unidos.<\/li>\n<li>Lugar de entrada en USA (CIUDAD\/ESTADO EN USA).<\/li>\n<\/ol>\n<p><strong>En los siguientes apartados es importante:<\/strong><\/p>\n<ol class=\"list-items-ol\" start=\"4\">\n<li>Nombres y per\u00edodos \u2013 inicio (mes\/a\u00f1o) y finalizaci\u00f3n (mes\/a\u00f1o) \u2013 no edades<br \/>\n<ul style=\"list-style: circle !important; padding-left: 40px !important;\">\n<li style=\"list-style: circle !important;\">Escuelas donde estudi\u00f3 o est\u00e1 estudiando.<\/li>\n<li style=\"list-style: circle !important;\">Empleos que ha tenido en los \u00faltimos 5 a\u00f1os.<\/li>\n<li style=\"list-style: circle !important;\">Direcciones donde ha vivido en los 5 \u00faltimos a\u00f1os.<\/li>\n<\/ul>\n<\/li>\n<li>Nos puede enviar una fotograf\u00eda de su pasaporte si lo ha tramitado y de haber usado un documento para la entrada legalmente.<\/li>\n<li>De estar casad@ fecha y lugar de matrimonio. Fechas de nacimientos y lugar de nacimiento de espos@.<\/li>\n<li>Si alguien m\u00e1s de su familia est\u00e1 solicitando asilo, brindar el n\u00famero de caso A de ellos. De antemano, muchas gracias.<\/li>\n<\/ol>\n<p>&nbsp;<\/p>\n<p><em>Recuerde que no debe de presentarse a la oficina. La aplicaci\u00f3n ser\u00e1 completada por llamada telef\u00f3nica<\/em><\/p>\n<p>&nbsp;<\/p>\n<p><style>\n  ol.list-items-ol {\n    list-style: auto !important;\n    padding-left: 28px;\n  }\n  ol.list-items-ol>li {\n    list-style: auto !important;\n  }\n  ol.list-items-ol>li::before {\n    display: none;\n  }\n<\/style><\/p>\t\t\t\t\t\t<\/div>\n\t\t\t\t<\/div>\n\t\t\t\t\t<\/div>\n\t\t\t\t<\/div>\n\t\t\t\t<\/div>\n\t\t","protected":false},"excerpt":{"rendered":"<p>Acerca de tu cita telef\u00f3nica El d\u00eda de la cita telef\u00f3nica favor tener la siguiente informaci\u00f3n a la mano: Fecha exacta (MES\/D\u00cdA\/A\u00d1O) en la que sali\u00f3 de su pa\u00eds de origen. Fecha exacta (MES\/D\u00cdA\/A\u00d1O) en la que ingres\u00f3 a Estados Unidos. Lugar de entrada en USA (CIUDAD\/ESTADO EN USA). En los siguientes apartados es importante: [&hellip;]<\/p>\n","protected":false},"author":1,"featured_media":0,"parent":0,"menu_order":0,"comment_status":"closed","ping_status":"closed","template":"","meta":{"footnotes":""},"class_list":["post-7454","page","type-page","status-publish","hentry"],"yoast_head":"<!-- This site is optimized with the Yoast SEO Premium plugin v24.7 (Yoast SEO v24.7) - https:\/\/yoast.com\/wordpress\/plugins\/seo\/ -->\n<title>Acerca de tu cita telef\u00f3nica - Kostiv Cardinal<\/title>\n<meta name=\"robots\" content=\"index, follow, max-snippet:-1, max-image-preview:large, max-video-preview:-1\" \/>\n<link rel=\"canonical\" href=\"https:\/\/kostivcardinal.com\/es\/acerca-de-tu-cita-telefonica\/\" \/>\n<meta property=\"og:locale\" content=\"es_ES\" \/>\n<meta property=\"og:type\" content=\"article\" \/>\n<meta property=\"og:title\" content=\"Acerca de tu cita telef\u00f3nica\" \/>\n<meta property=\"og:description\" content=\"Acerca de tu cita telef\u00f3nica El d\u00eda de la cita telef\u00f3nica favor tener la siguiente informaci\u00f3n a la mano: Fecha exacta (MES\/D\u00cdA\/A\u00d1O) en la que sali\u00f3 de su pa\u00eds de origen. Fecha exacta (MES\/D\u00cdA\/A\u00d1O) en la que ingres\u00f3 a Estados Unidos. Lugar de entrada en USA (CIUDAD\/ESTADO EN USA). En los siguientes apartados es importante: [&hellip;]\" \/>\n<meta property=\"og:url\" content=\"https:\/\/kostivcardinal.com\/es\/acerca-de-tu-cita-telefonica\/\" \/>\n<meta property=\"og:site_name\" content=\"Kostiv Cardinal\" \/>\n<meta property=\"article:publisher\" content=\"https:\/\/facebook.com\/kostivcardinal\" \/>\n<meta property=\"article:modified_time\" content=\"2024-11-05T21:15:00+00:00\" \/>\n<meta property=\"og:image\" content=\"https:\/\/kostivcardinal.com\/wp-content\/uploads\/2025\/01\/descriptionimage.jpg\" \/>\n\t<meta property=\"og:image:width\" content=\"1200\" \/>\n\t<meta property=\"og:image:height\" content=\"630\" \/>\n\t<meta property=\"og:image:type\" content=\"image\/png\" \/>\n<meta name=\"twitter:card\" content=\"summary_large_image\" \/>\n<meta name=\"twitter:label1\" content=\"Tiempo de lectura\" \/>\n\t<meta name=\"twitter:data1\" content=\"1 minuto\" \/>\n<script type=\"application\/ld+json\" class=\"yoast-schema-graph\">{\"@context\":\"https:\/\/schema.org\",\"@graph\":[{\"@type\":\"WebPage\",\"@id\":\"https:\/\/kostivcardinal.com\/es\/acerca-de-tu-cita-telefonica\/\",\"url\":\"https:\/\/kostivcardinal.com\/es\/acerca-de-tu-cita-telefonica\/\",\"name\":\"Acerca de tu cita telef\u00f3nica - Kostiv Cardinal\",\"isPartOf\":{\"@id\":\"https:\/\/kostivcardinal.com\/#website\"},\"datePublished\":\"2024-11-05T19:52:06+00:00\",\"dateModified\":\"2024-11-05T21:15:00+00:00\",\"breadcrumb\":{\"@id\":\"https:\/\/kostivcardinal.com\/es\/acerca-de-tu-cita-telefonica\/#breadcrumb\"},\"inLanguage\":\"es\",\"potentialAction\":[{\"@type\":\"ReadAction\",\"target\":[\"https:\/\/kostivcardinal.com\/es\/acerca-de-tu-cita-telefonica\/\"]}]},{\"@type\":\"BreadcrumbList\",\"@id\":\"https:\/\/kostivcardinal.com\/es\/acerca-de-tu-cita-telefonica\/#breadcrumb\",\"itemListElement\":[{\"@type\":\"ListItem\",\"position\":1,\"name\":\"Home\",\"item\":\"https:\/\/kostivcardinal.com\/es\/\"},{\"@type\":\"ListItem\",\"position\":2,\"name\":\"Acerca de tu cita telef\u00f3nica\"}]},{\"@type\":\"WebSite\",\"@id\":\"https:\/\/kostivcardinal.com\/#website\",\"url\":\"https:\/\/kostivcardinal.com\/\",\"name\":\"Kostiv Cardinal\",\"description\":\"Immigration Lawyers Helping Those In Need\",\"publisher\":{\"@id\":\"https:\/\/kostivcardinal.com\/#organization\"},\"potentialAction\":[{\"@type\":\"SearchAction\",\"target\":{\"@type\":\"EntryPoint\",\"urlTemplate\":\"https:\/\/kostivcardinal.com\/?s={search_term_string}\"},\"query-input\":{\"@type\":\"PropertyValueSpecification\",\"valueRequired\":true,\"valueName\":\"search_term_string\"}}],\"inLanguage\":\"es\"},{\"@type\":\"Organization\",\"@id\":\"https:\/\/kostivcardinal.com\/#organization\",\"name\":\"Kostiv Cardinal\",\"url\":\"https:\/\/kostivcardinal.com\/\",\"logo\":{\"@type\":\"ImageObject\",\"inLanguage\":\"es\",\"@id\":\"https:\/\/kostivcardinal.com\/#\/schema\/logo\/image\/\",\"url\":\"https:\/\/kostivcardinal.com\/wp-content\/uploads\/2024\/08\/Kostiv-Cardinal-Best-Immigration-Lawyers-in-Los-Angeles-Dark-Logo.png\",\"contentUrl\":\"https:\/\/kostivcardinal.com\/wp-content\/uploads\/2024\/08\/Kostiv-Cardinal-Best-Immigration-Lawyers-in-Los-Angeles-Dark-Logo.png\",\"width\":4307,\"height\":694,\"caption\":\"Kostiv Cardinal\"},\"image\":{\"@id\":\"https:\/\/kostivcardinal.com\/#\/schema\/logo\/image\/\"},\"sameAs\":[\"https:\/\/facebook.com\/kostivcardinal\"],\"email\":\"info@kostivlaw.com\",\"legalName\":\"Kostiv Cardinal\"}]}<\/script>\n<!-- \/ Yoast SEO Premium plugin. -->","yoast_head_json":{"title":"Acerca de tu cita telef\u00f3nica - Kostiv Cardinal","robots":{"index":"index","follow":"follow","max-snippet":"max-snippet:-1","max-image-preview":"max-image-preview:large","max-video-preview":"max-video-preview:-1"},"canonical":"https:\/\/kostivcardinal.com\/es\/acerca-de-tu-cita-telefonica\/","og_locale":"es_ES","og_type":"article","og_title":"Acerca de tu cita telef\u00f3nica","og_description":"Acerca de tu cita telef\u00f3nica El d\u00eda de la cita telef\u00f3nica favor tener la siguiente informaci\u00f3n a la mano: Fecha exacta (MES\/D\u00cdA\/A\u00d1O) en la que sali\u00f3 de su pa\u00eds de origen. Fecha exacta (MES\/D\u00cdA\/A\u00d1O) en la que ingres\u00f3 a Estados Unidos. Lugar de entrada en USA (CIUDAD\/ESTADO EN USA). En los siguientes apartados es importante: [&hellip;]","og_url":"https:\/\/kostivcardinal.com\/es\/acerca-de-tu-cita-telefonica\/","og_site_name":"Kostiv Cardinal","article_publisher":"https:\/\/facebook.com\/kostivcardinal","article_modified_time":"2024-11-05T21:15:00+00:00","og_image":[{"width":1200,"height":630,"url":"https:\/\/kostivcardinal.com\/wp-content\/uploads\/2025\/01\/descriptionimage.jpg","type":"image\/png"}],"twitter_card":"summary_large_image","twitter_misc":{"Tiempo de lectura":"1 minuto"},"schema":{"@context":"https:\/\/schema.org","@graph":[{"@type":"WebPage","@id":"https:\/\/kostivcardinal.com\/es\/acerca-de-tu-cita-telefonica\/","url":"https:\/\/kostivcardinal.com\/es\/acerca-de-tu-cita-telefonica\/","name":"Acerca de tu cita telef\u00f3nica - Kostiv Cardinal","isPartOf":{"@id":"https:\/\/kostivcardinal.com\/#website"},"datePublished":"2024-11-05T19:52:06+00:00","dateModified":"2024-11-05T21:15:00+00:00","breadcrumb":{"@id":"https:\/\/kostivcardinal.com\/es\/acerca-de-tu-cita-telefonica\/#breadcrumb"},"inLanguage":"es","potentialAction":[{"@type":"ReadAction","target":["https:\/\/kostivcardinal.com\/es\/acerca-de-tu-cita-telefonica\/"]}]},{"@type":"BreadcrumbList","@id":"https:\/\/kostivcardinal.com\/es\/acerca-de-tu-cita-telefonica\/#breadcrumb","itemListElement":[{"@type":"ListItem","position":1,"name":"Home","item":"https:\/\/kostivcardinal.com\/es\/"},{"@type":"ListItem","position":2,"name":"Acerca de tu cita telef\u00f3nica"}]},{"@type":"WebSite","@id":"https:\/\/kostivcardinal.com\/#website","url":"https:\/\/kostivcardinal.com\/","name":"Kostiv Cardinal","description":"Immigration Lawyers Helping Those In Need","publisher":{"@id":"https:\/\/kostivcardinal.com\/#organization"},"potentialAction":[{"@type":"SearchAction","target":{"@type":"EntryPoint","urlTemplate":"https:\/\/kostivcardinal.com\/?s={search_term_string}"},"query-input":{"@type":"PropertyValueSpecification","valueRequired":true,"valueName":"search_term_string"}}],"inLanguage":"es"},{"@type":"Organization","@id":"https:\/\/kostivcardinal.com\/#organization","name":"Kostiv Cardinal","url":"https:\/\/kostivcardinal.com\/","logo":{"@type":"ImageObject","inLanguage":"es","@id":"https:\/\/kostivcardinal.com\/#\/schema\/logo\/image\/","url":"https:\/\/kostivcardinal.com\/wp-content\/uploads\/2024\/08\/Kostiv-Cardinal-Best-Immigration-Lawyers-in-Los-Angeles-Dark-Logo.png","contentUrl":"https:\/\/kostivcardinal.com\/wp-content\/uploads\/2024\/08\/Kostiv-Cardinal-Best-Immigration-Lawyers-in-Los-Angeles-Dark-Logo.png","width":4307,"height":694,"caption":"Kostiv Cardinal"},"image":{"@id":"https:\/\/kostivcardinal.com\/#\/schema\/logo\/image\/"},"sameAs":["https:\/\/facebook.com\/kostivcardinal"],"email":"info@kostivlaw.com","legalName":"Kostiv Cardinal"}]}},"_links":{"self":[{"href":"https:\/\/kostivcardinal.com\/es\/wp-json\/wp\/v2\/pages\/7454","targetHints":{"allow":["GET"]}}],"collection":[{"href":"https:\/\/kostivcardinal.com\/es\/wp-json\/wp\/v2\/pages"}],"about":[{"href":"https:\/\/kostivcardinal.com\/es\/wp-json\/wp\/v2\/types\/page"}],"author":[{"embeddable":true,"href":"https:\/\/kostivcardinal.com\/es\/wp-json\/wp\/v2\/users\/1"}],"replies":[{"embeddable":true,"href":"https:\/\/kostivcardinal.com\/es\/wp-json\/wp\/v2\/comments?post=7454"}],"version-history":[{"count":29,"href":"https:\/\/kostivcardinal.com\/es\/wp-json\/wp\/v2\/pages\/7454\/revisions"}],"predecessor-version":[{"id":7488,"href":"https:\/\/kostivcardinal.com\/es\/wp-json\/wp\/v2\/pages\/7454\/revisions\/7488"}],"wp:attachment":[{"href":"https:\/\/kostivcardinal.com\/es\/wp-json\/wp\/v2\/media?parent=7454"}],"curies":[{"name":"wp","href":"https:\/\/api.w.org\/{rel}","templated":true}]}}