{"id":9573,"date":"2025-01-24T20:57:44","date_gmt":"2025-01-24T20:57:44","guid":{"rendered":"https:\/\/kostivcardinal.com\/politica-de-privacidad\/"},"modified":"2025-01-24T21:27:16","modified_gmt":"2025-01-24T21:27:16","slug":"politica-de-privacidad","status":"publish","type":"page","link":"https:\/\/kostivcardinal.com\/es\/politica-de-privacidad\/","title":{"rendered":"Pol\u00edtica de privacidad"},"content":{"rendered":"\t\t<div data-elementor-type=\"wp-page\" data-elementor-id=\"9573\" class=\"elementor elementor-9573 elementor-9571\" data-elementor-post-type=\"page\">\n\t\t\t\t<div class=\"elementor-element elementor-element-46d5cbde e-flex e-con-boxed e-con e-parent\" data-id=\"46d5cbde\" data-element_type=\"container\">\n\t\t\t\t\t<div class=\"e-con-inner\">\n\t\t\t\t<div class=\"elementor-element elementor-element-a34efe0 elementor-widget elementor-widget-spacer\" data-id=\"a34efe0\" data-element_type=\"widget\" data-widget_type=\"spacer.default\">\n\t\t\t\t<div class=\"elementor-widget-container\">\n\t\t\t\t\t<div class=\"elementor-spacer\">\n\t\t\t<div class=\"elementor-spacer-inner\"><\/div>\n\t\t<\/div>\n\t\t\t\t<\/div>\n\t\t\t\t<\/div>\n\t\t\t\t<div class=\"elementor-element elementor-element-afb24da elementor-widget elementor-widget-heading\" data-id=\"afb24da\" data-element_type=\"widget\" data-widget_type=\"heading.default\">\n\t\t\t\t<div class=\"elementor-widget-container\">\n\t\t\t<h2 class=\"elementor-heading-title elementor-size-default\">Pol\u00edtica de privacidad<\/h2>\t\t<\/div>\n\t\t\t\t<\/div>\n\t\t\t\t<div class=\"elementor-element-custom_font_family elementor-element-custom_font_weight elementor-element-custom_color elementor-element elementor-element-4f54d54f elementor-widget elementor-widget-text-editor\" data-id=\"4f54d54f\" data-element_type=\"widget\" data-widget_type=\"text-editor.default\">\n\t\t\t\t<div class=\"elementor-widget-container\">\n\t\t\t\t\t\t\t<p>\u00daltima actualizaci\u00f3n: 24 de enero de 2025<\/p>\n<p>Como profesionales dedicados a la prestaci\u00f3n de servicios jur\u00eddicos a clientes de todo el mundo, Kostiv Cardinal, incluidas sus sociedades afiliadas (&#8220;el bufete&#8221;), opera https:\/\/kostivcardinal.com (&#8220;el Sitio&#8221;).<\/p>\n<p>El bufete se compromete a proteger la privacidad de la informaci\u00f3n confidencial y &#8220;personal&#8221; (informaci\u00f3n que identifica directa o indirectamente a personas que pueden ser clientes, personal, agentes, abogados, estudiantes de derecho, solicitantes de empleo u otras personas dentro o fuera del bufete). Siempre ha sido y sigue siendo pol\u00edtica del bufete cumplir las normas de conducta profesional, que imponen a los abogados y a su personal asociado el deber de preservar y proteger la informaci\u00f3n confidencial de los clientes. <\/p>\n<p>Esta Pol\u00edtica de Privacidad y Pol\u00edtica de Cookies (la &#8220;Pol\u00edtica de Privacidad&#8221;) se basa en los principios de privacidad y protecci\u00f3n de datos comunes a los pa\u00edses en los que opera el bufete. El Sitio la aplica a la luz de las obligaciones generales del bufete de cumplir la ley, preservar la confidencialidad de los clientes y representar a los clientes del bufete con la mayor eficacia posible dentro de los l\u00edmites de la ley. Esta Pol\u00edtica de Privacidad pretende resumir las pr\u00e1cticas de protecci\u00f3n de datos del bufete en general y asesorar a los clientes del bufete, estudiantes de derecho interesados, solicitantes de empleo, visitantes del sitio web y otros terceros sobre las pol\u00edticas de privacidad del bufete que puedan serles aplicables.  <\/p>\n<p>Esta Pol\u00edtica de Privacidad tambi\u00e9n se dirige espec\u00edficamente a las partes ajenas al bufete que faciliten Datos Personales al bufete o que visiten o utilicen el sitio web del bufete, las aplicaciones del bufete, los sitios de redes sociales del bufete, las extranets del bufete, as\u00ed como los mensajes de correo electr\u00f3nico que el bufete te env\u00ede y que contengan un enlace a esta Pol\u00edtica de Privacidad (&#8220;el Sitio&#8221;). Esta Pol\u00edtica de Privacidad tambi\u00e9n describe c\u00f3mo el bufete recopila, procesa y divulga Informaci\u00f3n Personal en relaci\u00f3n con la prestaci\u00f3n de servicios jur\u00eddicos y el Sitio. <\/p>\n<p>Esta p\u00e1gina te informa de las pol\u00edticas de la empresa relativas a la recopilaci\u00f3n, uso y divulgaci\u00f3n de la Informaci\u00f3n Personal que la empresa recibe de los usuarios del Sitio.<\/p>\n<p>La empresa utiliza tu Informaci\u00f3n Personal \u00fanicamente para proporcionar y mejorar el Sitio. Al utilizar el Sitio, aceptas la recopilaci\u00f3n y el uso de la informaci\u00f3n de acuerdo con esta pol\u00edtica. <\/p>\n<p>Confidencialidad, seguridad y conservaci\u00f3n de la informaci\u00f3n personal<\/p>\n<p>En consonancia con nuestras obligaciones profesionales, la pol\u00edtica del bufete siempre ha sido ejercer la m\u00e1xima discreci\u00f3n con respecto a la informaci\u00f3n que nos conf\u00edan nuestros clientes.<\/p>\n<p>La empresa mantiene salvaguardias f\u00edsicas, electr\u00f3nicas y de procedimiento razonables y apropiadas, aunque no infalibles, destinadas a mantener la confidencialidad de la Informaci\u00f3n Personal, incluida la facilitada por un visitante de este sitio Web y la proporcionada al utilizar otros sitios. La empresa no garantiza que nuestras salvaguardias funcionen siempre. <\/p>\n<p>Exigimos a los consultores, proveedores y vendedores que mantengan una protecci\u00f3n de datos coherente con las obligaciones razonables y apropiadas de los procesadores de datos, incluidas, en su caso, las leyes y reglamentos de protecci\u00f3n de datos de la Uni\u00f3n Europea.<\/p>\n<p>Podemos conservar la informaci\u00f3n proporcionada por ti, incluida la Informaci\u00f3n Personal, durante el tiempo que sea necesario para cumplir con nuestras obligaciones legales, o para lograr los fines para los que se recopil\u00f3 originalmente la informaci\u00f3n y para los fines descritos en la Pol\u00edtica de Privacidad y en nuestras pol\u00edticas aplicables. Si deseas obtener m\u00e1s detalles sobre nuestras pr\u00e1cticas de informaci\u00f3n, consulta la secci\u00f3n &#8220;Ponte en contacto con nosotros&#8221; que aparece m\u00e1s adelante. <\/p>\n<p>Datos de registro<\/p>\n<p>Al igual que muchos operadores de sitios, la empresa recopila informaci\u00f3n que tu navegador env\u00eda cada vez que visitas el Sitio (&#8220;Datos de Registro&#8221;).<\/p>\n<p>Estos Datos de Registro pueden incluir informaci\u00f3n como la direcci\u00f3n del Protocolo de Internet (&#8220;IP&#8221;) de tu ordenador, el tipo de navegador, la versi\u00f3n del navegador, las p\u00e1ginas del Sitio que visitas, la hora y la fecha de tu visita, el tiempo que pasas en esas p\u00e1ginas y otras estad\u00edsticas.<\/p>\n<p>Adem\u00e1s, la empresa puede utilizar servicios de terceros, como Google Analytics, que recopilan, controlan y analizan la Informaci\u00f3n Personal.<\/p>\n<p>Comunicaciones<\/p>\n<p>La empresa puede utilizar tus Datos Personales para ponerse en contacto contigo con boletines informativos, material de marketing o promocional y otra informaci\u00f3n que la empresa considere que puede ser de tu inter\u00e9s.<\/p>\n<p>Cookies<\/p>\n<p>Las cookies son archivos con una peque\u00f1a cantidad de datos, que pueden incluir un identificador \u00fanico an\u00f3nimo. Las cookies se env\u00edan a tu navegador desde un sitio web y se almacenan en el disco duro de tu ordenador. <\/p>\n<p>Como muchos sitios, la empresa utiliza &#8220;cookies&#8221; para recoger informaci\u00f3n. Puedes indicar a tu navegador que rechace todas las cookies o que indique cu\u00e1ndo se env\u00eda una cookie. Sin embargo, si no aceptas las cookies, es posible que no puedas utilizar algunas partes del Sitio.  <\/p>\n<p>Divulgaci\u00f3n y transferencia de informaci\u00f3n personal<\/p>\n<p>No revelamos ning\u00fan Dato Personal a partes no relacionadas ajenas a la empresa, excepto en circunstancias limitadas. Dichas circunstancias incluyen la divulgaci\u00f3n a nuestros agentes o procesadores de datos u otros contratistas que act\u00faen en nuestro nombre y bajo nuestra direcci\u00f3n, sujetos a los compromisos adecuados de confidencialidad, privacidad y seguridad de la informaci\u00f3n proporcionados por la parte receptora, o cuando lo consideremos necesario para prestar un servicio que hayas solicitado, o seg\u00fan lo permita o exija la ley, o seg\u00fan lo autorices o indiques. En consonancia con nuestras obligaciones profesionales, podemos proporcionar Informaci\u00f3n Personal a las autoridades reguladoras y a los funcionarios encargados de hacer cumplir la ley, de conformidad con la legislaci\u00f3n aplicable o cuando creamos de buena fe que el suministro de dicha informaci\u00f3n es requerido o permitido por la ley, como en relaci\u00f3n con la investigaci\u00f3n o la afirmaci\u00f3n de nuestras defensas legales o para nuestros asuntos de cumplimiento.  <\/p>\n<p>Como despacho internacional, utilizamos sistemas que pueden hacer que los datos relacionados con tus asuntos sean accesibles desde nuestras distintas oficinas en todo el mundo y a menudo transferimos datos de clientes, que pueden incluir Datos Personales, entre nuestras oficinas.<\/p>\n<p>Ni\u00f1os<\/p>\n<p>Para respetar la privacidad de los menores, el Sitio no recopila, mantiene ni procesa conscientemente Informaci\u00f3n Personal enviada en l\u00ednea a trav\u00e9s del Sitio por cualquier persona menor de 18 a\u00f1os. En la medida en que el Sitio recopile Informaci\u00f3n Personal de menores en el contexto de uno de los fines mencionados en la Pol\u00edtica de Privacidad, el Sitio s\u00f3lo lo har\u00e1 con el consentimiento correspondiente o seg\u00fan lo permita la legislaci\u00f3n aplicable. <\/p>\n<p>Tus derechos de privacidad en California<\/p>\n<p>Seg\u00fan la Secci\u00f3n 1798.100 del C\u00f3digo Civil de California (Ley de Privacidad del Consumidor de California), los residentes de California pueden tener ciertos derechos de protecci\u00f3n de datos en relaci\u00f3n con su Informaci\u00f3n Personal. Estos derechos, que pueden estar sujetos a limitaciones y\/o restricciones, incluyen: (i) el derecho a la divulgaci\u00f3n, supresi\u00f3n, acceso y no discriminaci\u00f3n; y (ii) el derecho a optar por que no se comparta o venda tu Informaci\u00f3n Personal. El Sitio no vende ni comparte tus Datos Personales con terceras empresas para sus fines de marketing directo sin tu consentimiento. Para ejercer tus derechos en virtud de la Ley de Privacidad del Consumidor de California, env\u00eda a la empresa tu solicitud utilizando la secci\u00f3n &#8220;Contacta con nosotros&#8221; que aparece m\u00e1s abajo.     <\/p>\n<p>Cambios en esta Pol\u00edtica de Privacidad<\/p>\n<p>Esta Pol\u00edtica de Privacidad es efectiva desde el 24 de enero de 2025, y permanecer\u00e1 en vigor excepto en lo que respecta a cualquier cambio en sus disposiciones en el futuro, que entrar\u00e1 en vigor inmediatamente despu\u00e9s de ser publicado en esta p\u00e1gina.<\/p>\n<p>La empresa se reserva el derecho de actualizar o cambiar la Pol\u00edtica de Privacidad de la empresa en cualquier momento, por lo que debes comprobar esta Pol\u00edtica de Privacidad peri\u00f3dicamente. Tu uso continuado del Servicio despu\u00e9s de que la empresa publique cualquier modificaci\u00f3n de la Pol\u00edtica de Privacidad en esta p\u00e1gina constituir\u00e1 tu reconocimiento de las modificaciones y tu consentimiento para acatar y estar obligado por la Pol\u00edtica de Privacidad modificada. <\/p>\n<p>Si el bufete realiza alg\u00fan cambio material en esta Pol\u00edtica de Privacidad, te lo notificar\u00e1 a trav\u00e9s de la direcci\u00f3n de correo electr\u00f3nico que nos hayas proporcionado o colocando un aviso destacado en nuestro sitio web.<\/p>\n<p>Contacta con nosotros<\/p>\n<p>La empresa mantiene una Pol\u00edtica de Privacidad con un Responsable de Protecci\u00f3n de Datos para mejorar y promover el cumplimiento de los principios de privacidad y protecci\u00f3n de datos. Este puesto sirve como punto de contacto para responder preguntas, acceder, modificar o corregir tu informaci\u00f3n, y resolver problemas y disputas. Si tienes alguna pregunta relacionada con el uso que hace el bufete de tus datos personales, ponte en contacto con el Responsable de Protecci\u00f3n de Datos en dataprotectionadmin@kostivcardinal.com o por correo en:  <\/p>\n<p>Cardenal Kostiv<\/p>\n<p>ATTN: Responsable de Protecci\u00f3n de Datos<\/p>\n<p>3450 Wilshire Blvd, Suite 400<\/p>\n<p>Los Angeles, CA 90010<\/p>\t\t\t\t\t\t<\/div>\n\t\t\t\t<\/div>\n\t\t\t\t\t<\/div>\n\t\t\t\t<\/div>\n\t\t<div class=\"elementor-element elementor-element-c4ad31d e-flex e-con-boxed e-con e-parent\" data-id=\"c4ad31d\" data-element_type=\"container\">\n\t\t\t\t\t<div class=\"e-con-inner\">\n\t\t\t\t\t<\/div>\n\t\t\t\t<\/div>\n\t\t\t\t<\/div>\n\t\t","protected":false},"excerpt":{"rendered":"<p>Pol\u00edtica de privacidad \u00daltima actualizaci\u00f3n: 24 de enero de 2025 Como profesionales dedicados a la prestaci\u00f3n de servicios jur\u00eddicos a clientes de todo el mundo, Kostiv Cardinal, incluidas sus sociedades afiliadas (&#8220;el bufete&#8221;), opera https:\/\/kostivcardinal.com (&#8220;el Sitio&#8221;). El bufete se compromete a proteger la privacidad de la informaci\u00f3n confidencial y &#8220;personal&#8221; (informaci\u00f3n que identifica directa [&hellip;]<\/p>\n","protected":false},"author":1,"featured_media":0,"parent":0,"menu_order":0,"comment_status":"closed","ping_status":"closed","template":"","meta":{"footnotes":""},"class_list":["post-9573","page","type-page","status-publish","hentry"],"yoast_head":"<!-- This site is optimized with the Yoast SEO Premium plugin v24.7 (Yoast SEO v24.7) - https:\/\/yoast.com\/wordpress\/plugins\/seo\/ -->\n<title>Pol\u00edtica de privacidad - Kostiv Cardinal<\/title>\n<meta name=\"robots\" content=\"index, follow, max-snippet:-1, max-image-preview:large, max-video-preview:-1\" \/>\n<link rel=\"canonical\" href=\"https:\/\/kostivcardinal.com\/es\/?page_id=9573\" \/>\n<meta property=\"og:locale\" content=\"es_ES\" \/>\n<meta property=\"og:type\" content=\"article\" \/>\n<meta property=\"og:title\" content=\"Pol\u00edtica de privacidad\" \/>\n<meta property=\"og:description\" content=\"Pol\u00edtica de privacidad \u00daltima actualizaci\u00f3n: 24 de enero de 2025 Como profesionales dedicados a la prestaci\u00f3n de servicios jur\u00eddicos a clientes de todo el mundo, Kostiv Cardinal, incluidas sus sociedades afiliadas (&#8220;el bufete&#8221;), opera https:\/\/kostivcardinal.com (&#8220;el Sitio&#8221;). El bufete se compromete a proteger la privacidad de la informaci\u00f3n confidencial y &#8220;personal&#8221; (informaci\u00f3n que identifica directa [&hellip;]\" \/>\n<meta property=\"og:url\" content=\"https:\/\/kostivcardinal.com\/es\/?page_id=9573\" \/>\n<meta property=\"og:site_name\" content=\"Kostiv Cardinal\" \/>\n<meta property=\"article:publisher\" content=\"https:\/\/facebook.com\/kostivcardinal\" \/>\n<meta property=\"article:modified_time\" content=\"2025-01-24T21:27:16+00:00\" \/>\n<meta property=\"og:image\" content=\"https:\/\/kostivcardinal.com\/wp-content\/uploads\/2025\/01\/descriptionimage.jpg\" \/>\n\t<meta property=\"og:image:width\" content=\"1200\" \/>\n\t<meta property=\"og:image:height\" content=\"630\" \/>\n\t<meta property=\"og:image:type\" content=\"image\/png\" \/>\n<meta name=\"twitter:card\" content=\"summary_large_image\" \/>\n<meta name=\"twitter:label1\" content=\"Tiempo de lectura\" \/>\n\t<meta name=\"twitter:data1\" content=\"8 minutos\" \/>\n<script type=\"application\/ld+json\" class=\"yoast-schema-graph\">{\"@context\":\"https:\/\/schema.org\",\"@graph\":[{\"@type\":\"WebPage\",\"@id\":\"https:\/\/kostivcardinal.com\/es\/?page_id=9573\",\"url\":\"https:\/\/kostivcardinal.com\/es\/?page_id=9573\",\"name\":\"Pol\u00edtica de privacidad - Kostiv Cardinal\",\"isPartOf\":{\"@id\":\"https:\/\/kostivcardinal.com\/#website\"},\"datePublished\":\"2025-01-24T20:57:44+00:00\",\"dateModified\":\"2025-01-24T21:27:16+00:00\",\"breadcrumb\":{\"@id\":\"https:\/\/kostivcardinal.com\/es\/?page_id=9573#breadcrumb\"},\"inLanguage\":\"es\",\"potentialAction\":[{\"@type\":\"ReadAction\",\"target\":[\"https:\/\/kostivcardinal.com\/es\/?page_id=9573\"]}]},{\"@type\":\"BreadcrumbList\",\"@id\":\"https:\/\/kostivcardinal.com\/es\/?page_id=9573#breadcrumb\",\"itemListElement\":[{\"@type\":\"ListItem\",\"position\":1,\"name\":\"Home\",\"item\":\"https:\/\/kostivcardinal.com\/es\/\"},{\"@type\":\"ListItem\",\"position\":2,\"name\":\"Pol\u00edtica de privacidad\"}]},{\"@type\":\"WebSite\",\"@id\":\"https:\/\/kostivcardinal.com\/#website\",\"url\":\"https:\/\/kostivcardinal.com\/\",\"name\":\"Kostiv Cardinal\",\"description\":\"Immigration Lawyers Helping Those In Need\",\"publisher\":{\"@id\":\"https:\/\/kostivcardinal.com\/#organization\"},\"potentialAction\":[{\"@type\":\"SearchAction\",\"target\":{\"@type\":\"EntryPoint\",\"urlTemplate\":\"https:\/\/kostivcardinal.com\/?s={search_term_string}\"},\"query-input\":{\"@type\":\"PropertyValueSpecification\",\"valueRequired\":true,\"valueName\":\"search_term_string\"}}],\"inLanguage\":\"es\"},{\"@type\":\"Organization\",\"@id\":\"https:\/\/kostivcardinal.com\/#organization\",\"name\":\"Kostiv Cardinal\",\"url\":\"https:\/\/kostivcardinal.com\/\",\"logo\":{\"@type\":\"ImageObject\",\"inLanguage\":\"es\",\"@id\":\"https:\/\/kostivcardinal.com\/#\/schema\/logo\/image\/\",\"url\":\"https:\/\/kostivcardinal.com\/wp-content\/uploads\/2024\/08\/Kostiv-Cardinal-Best-Immigration-Lawyers-in-Los-Angeles-Dark-Logo.png\",\"contentUrl\":\"https:\/\/kostivcardinal.com\/wp-content\/uploads\/2024\/08\/Kostiv-Cardinal-Best-Immigration-Lawyers-in-Los-Angeles-Dark-Logo.png\",\"width\":4307,\"height\":694,\"caption\":\"Kostiv Cardinal\"},\"image\":{\"@id\":\"https:\/\/kostivcardinal.com\/#\/schema\/logo\/image\/\"},\"sameAs\":[\"https:\/\/facebook.com\/kostivcardinal\"],\"email\":\"info@kostivlaw.com\",\"legalName\":\"Kostiv Cardinal\"}]}<\/script>\n<!-- \/ Yoast SEO Premium plugin. -->","yoast_head_json":{"title":"Pol\u00edtica de privacidad - Kostiv Cardinal","robots":{"index":"index","follow":"follow","max-snippet":"max-snippet:-1","max-image-preview":"max-image-preview:large","max-video-preview":"max-video-preview:-1"},"canonical":"https:\/\/kostivcardinal.com\/es\/?page_id=9573","og_locale":"es_ES","og_type":"article","og_title":"Pol\u00edtica de privacidad","og_description":"Pol\u00edtica de privacidad \u00daltima actualizaci\u00f3n: 24 de enero de 2025 Como profesionales dedicados a la prestaci\u00f3n de servicios jur\u00eddicos a clientes de todo el mundo, Kostiv Cardinal, incluidas sus sociedades afiliadas (&#8220;el bufete&#8221;), opera https:\/\/kostivcardinal.com (&#8220;el Sitio&#8221;). El bufete se compromete a proteger la privacidad de la informaci\u00f3n confidencial y &#8220;personal&#8221; (informaci\u00f3n que identifica directa [&hellip;]","og_url":"https:\/\/kostivcardinal.com\/es\/?page_id=9573","og_site_name":"Kostiv Cardinal","article_publisher":"https:\/\/facebook.com\/kostivcardinal","article_modified_time":"2025-01-24T21:27:16+00:00","og_image":[{"width":1200,"height":630,"url":"https:\/\/kostivcardinal.com\/wp-content\/uploads\/2025\/01\/descriptionimage.jpg","type":"image\/png"}],"twitter_card":"summary_large_image","twitter_misc":{"Tiempo de lectura":"8 minutos"},"schema":{"@context":"https:\/\/schema.org","@graph":[{"@type":"WebPage","@id":"https:\/\/kostivcardinal.com\/es\/?page_id=9573","url":"https:\/\/kostivcardinal.com\/es\/?page_id=9573","name":"Pol\u00edtica de privacidad - Kostiv Cardinal","isPartOf":{"@id":"https:\/\/kostivcardinal.com\/#website"},"datePublished":"2025-01-24T20:57:44+00:00","dateModified":"2025-01-24T21:27:16+00:00","breadcrumb":{"@id":"https:\/\/kostivcardinal.com\/es\/?page_id=9573#breadcrumb"},"inLanguage":"es","potentialAction":[{"@type":"ReadAction","target":["https:\/\/kostivcardinal.com\/es\/?page_id=9573"]}]},{"@type":"BreadcrumbList","@id":"https:\/\/kostivcardinal.com\/es\/?page_id=9573#breadcrumb","itemListElement":[{"@type":"ListItem","position":1,"name":"Home","item":"https:\/\/kostivcardinal.com\/es\/"},{"@type":"ListItem","position":2,"name":"Pol\u00edtica de privacidad"}]},{"@type":"WebSite","@id":"https:\/\/kostivcardinal.com\/#website","url":"https:\/\/kostivcardinal.com\/","name":"Kostiv Cardinal","description":"Immigration Lawyers Helping Those In Need","publisher":{"@id":"https:\/\/kostivcardinal.com\/#organization"},"potentialAction":[{"@type":"SearchAction","target":{"@type":"EntryPoint","urlTemplate":"https:\/\/kostivcardinal.com\/?s={search_term_string}"},"query-input":{"@type":"PropertyValueSpecification","valueRequired":true,"valueName":"search_term_string"}}],"inLanguage":"es"},{"@type":"Organization","@id":"https:\/\/kostivcardinal.com\/#organization","name":"Kostiv Cardinal","url":"https:\/\/kostivcardinal.com\/","logo":{"@type":"ImageObject","inLanguage":"es","@id":"https:\/\/kostivcardinal.com\/#\/schema\/logo\/image\/","url":"https:\/\/kostivcardinal.com\/wp-content\/uploads\/2024\/08\/Kostiv-Cardinal-Best-Immigration-Lawyers-in-Los-Angeles-Dark-Logo.png","contentUrl":"https:\/\/kostivcardinal.com\/wp-content\/uploads\/2024\/08\/Kostiv-Cardinal-Best-Immigration-Lawyers-in-Los-Angeles-Dark-Logo.png","width":4307,"height":694,"caption":"Kostiv Cardinal"},"image":{"@id":"https:\/\/kostivcardinal.com\/#\/schema\/logo\/image\/"},"sameAs":["https:\/\/facebook.com\/kostivcardinal"],"email":"info@kostivlaw.com","legalName":"Kostiv Cardinal"}]}},"_links":{"self":[{"href":"https:\/\/kostivcardinal.com\/es\/wp-json\/wp\/v2\/pages\/9573","targetHints":{"allow":["GET"]}}],"collection":[{"href":"https:\/\/kostivcardinal.com\/es\/wp-json\/wp\/v2\/pages"}],"about":[{"href":"https:\/\/kostivcardinal.com\/es\/wp-json\/wp\/v2\/types\/page"}],"author":[{"embeddable":true,"href":"https:\/\/kostivcardinal.com\/es\/wp-json\/wp\/v2\/users\/1"}],"replies":[{"embeddable":true,"href":"https:\/\/kostivcardinal.com\/es\/wp-json\/wp\/v2\/comments?post=9573"}],"version-history":[{"count":3,"href":"https:\/\/kostivcardinal.com\/es\/wp-json\/wp\/v2\/pages\/9573\/revisions"}],"predecessor-version":[{"id":9584,"href":"https:\/\/kostivcardinal.com\/es\/wp-json\/wp\/v2\/pages\/9573\/revisions\/9584"}],"wp:attachment":[{"href":"https:\/\/kostivcardinal.com\/es\/wp-json\/wp\/v2\/media?parent=9573"}],"curies":[{"name":"wp","href":"https:\/\/api.w.org\/{rel}","templated":true}]}}