{"id":12351,"date":"2025-01-24T20:57:44","date_gmt":"2025-01-24T20:57:44","guid":{"rendered":"https:\/\/kostivcardinal.com\/politica-de-privacidade\/"},"modified":"2025-12-23T00:16:57","modified_gmt":"2025-12-23T00:16:57","slug":"politica-de-privacidade","status":"publish","type":"page","link":"https:\/\/kostivcardinal.com\/pt-br\/politica-de-privacidade\/","title":{"rendered":"Pol\u00edtica de privacidade"},"content":{"rendered":"\t\t<div data-elementor-type=\"wp-page\" data-elementor-id=\"12351\" class=\"elementor elementor-12351 elementor-9571\" data-elementor-post-type=\"page\">\n\t\t\t\t<div class=\"elementor-element elementor-element-46d5cbde e-flex e-con-boxed e-con e-parent\" data-id=\"46d5cbde\" data-element_type=\"container\">\n\t\t\t\t\t<div class=\"e-con-inner\">\n\t\t\t\t<div class=\"elementor-element elementor-element-a34efe0 elementor-widget elementor-widget-spacer\" data-id=\"a34efe0\" data-element_type=\"widget\" data-widget_type=\"spacer.default\">\n\t\t\t\t<div class=\"elementor-widget-container\">\n\t\t\t\t\t<div class=\"elementor-spacer\">\n\t\t\t<div class=\"elementor-spacer-inner\"><\/div>\n\t\t<\/div>\n\t\t\t\t<\/div>\n\t\t\t\t<\/div>\n\t\t\t\t<div class=\"elementor-element elementor-element-afb24da elementor-widget elementor-widget-heading\" data-id=\"afb24da\" data-element_type=\"widget\" data-widget_type=\"heading.default\">\n\t\t\t\t<div class=\"elementor-widget-container\">\n\t\t\t<h2 class=\"elementor-heading-title elementor-size-default\">Pol\u00edtica de privacidade<\/h2>\t\t<\/div>\n\t\t\t\t<\/div>\n\t\t\t\t<div class=\"elementor-element-custom_font_family elementor-element-custom_font_weight elementor-element-custom_color elementor-element elementor-element-4f54d54f elementor-widget elementor-widget-text-editor\" data-id=\"4f54d54f\" data-element_type=\"widget\" data-widget_type=\"text-editor.default\">\n\t\t\t\t<div class=\"elementor-widget-container\">\n\t\t\t\t\t\t\t<p>\u00daltima atualiza\u00e7\u00e3o: 24 de janeiro de 2025<\/p>\n<p>Como profissionais envolvidos na presta\u00e7\u00e3o de servi\u00e7os jur\u00eddicos a clientes em todo o mundo, a Kostiv Cardinal, incluindo suas parcerias afiliadas (&#8220;o escrit\u00f3rio&#8221;), opera o site https:\/\/kostivcardinal.com (&#8220;o Site&#8221;).<\/p>\n<p>O escrit\u00f3rio tem o compromisso de proteger a privacidade de informa\u00e7\u00f5es confidenciais e &#8220;Informa\u00e7\u00f5es Pessoais&#8221; (informa\u00e7\u00f5es que identificam direta ou indiretamente indiv\u00edduos que podem ser clientes, funcion\u00e1rios, agentes, advogados, estudantes de direito, candidatos a emprego ou outros dentro ou fora do escrit\u00f3rio). Sempre foi e continua sendo pol\u00edtica do escrit\u00f3rio cumprir as regras de conduta profissional, que imp\u00f5em o dever de preservar e proteger as informa\u00e7\u00f5es confidenciais dos clientes aos advogados e seus funcion\u00e1rios associados. <\/p>\n<p>Esta Pol\u00edtica de Privacidade e Pol\u00edtica de Cookies (a &#8220;Pol\u00edtica de Privacidade&#8221;) baseia-se nos princ\u00edpios de privacidade e prote\u00e7\u00e3o de dados comuns aos pa\u00edses em que a empresa opera. O Site a aplica \u00e0 luz das obriga\u00e7\u00f5es abrangentes da empresa de cumprir a lei, preservar a confidencialidade do cliente e representar os clientes da empresa da forma mais eficaz poss\u00edvel dentro dos limites da lei. Esta Pol\u00edtica de Privacidade tem como objetivo resumir as pr\u00e1ticas de prote\u00e7\u00e3o de dados da empresa em geral e orientar os clientes da empresa, estudantes de direito interessados, candidatos a emprego, visitantes do site e outros terceiros sobre as pol\u00edticas de privacidade da empresa que podem ser aplic\u00e1veis a eles.  <\/p>\n<p>Esta Pol\u00edtica de Privacidade tamb\u00e9m \u00e9 dirigida especificamente \u00e0s partes externas \u00e0 empresa que fornecem Informa\u00e7\u00f5es Pessoais \u00e0 empresa ou que visitam ou usam o site da empresa, os aplicativos da empresa, os sites de m\u00eddia social da empresa, as extranets da empresa, bem como as mensagens de e-mail que a empresa envia a voc\u00ea e que cont\u00eam um link para esta Pol\u00edtica de Privacidade (&#8220;o Site&#8221;). Esta Pol\u00edtica de Privacidade tamb\u00e9m descreve como o escrit\u00f3rio coleta, processa e divulga Informa\u00e7\u00f5es Pessoais em conex\u00e3o com a presta\u00e7\u00e3o de servi\u00e7os jur\u00eddicos e o Site. <\/p>\n<p>Esta p\u00e1gina informa voc\u00ea sobre as pol\u00edticas da empresa em rela\u00e7\u00e3o \u00e0 coleta, ao uso e \u00e0 divulga\u00e7\u00e3o de Informa\u00e7\u00f5es Pessoais que a empresa recebe dos usu\u00e1rios do Site.<\/p>\n<p>A empresa usa suas informa\u00e7\u00f5es pessoais somente para fornecer e aprimorar o Site. Ao usar o Site, voc\u00ea concorda com a coleta e o uso de informa\u00e7\u00f5es de acordo com esta pol\u00edtica. <\/p>\n<p>Confidencialidade, seguran\u00e7a e reten\u00e7\u00e3o de informa\u00e7\u00f5es pessoais<\/p>\n<p>Em conson\u00e2ncia com nossas obriga\u00e7\u00f5es profissionais, sempre foi pol\u00edtica da empresa exercer a m\u00e1xima discri\u00e7\u00e3o em rela\u00e7\u00e3o \u00e0s informa\u00e7\u00f5es que nossos clientes nos confiam.<\/p>\n<p>A empresa mant\u00e9m prote\u00e7\u00f5es f\u00edsicas, eletr\u00f4nicas e processuais razo\u00e1veis e adequadas, embora n\u00e3o infal\u00edveis, destinadas a manter a confidencialidade das informa\u00e7\u00f5es pessoais, inclusive aquelas fornecidas por um visitante deste site e fornecidas durante o uso de outros sites. A empresa n\u00e3o garante que nossas prote\u00e7\u00f5es sempre funcionar\u00e3o. <\/p>\n<p>Exigimos que consultores, fornecedores e vendedores mantenham prote\u00e7\u00f5es de dados consistentes com as obriga\u00e7\u00f5es razo\u00e1veis e apropriadas dos processadores de dados, incluindo, quando aplic\u00e1vel, as leis e regulamentos de prote\u00e7\u00e3o de dados da Uni\u00e3o Europeia.<\/p>\n<p>Podemos reter as informa\u00e7\u00f5es fornecidas por voc\u00ea, inclusive informa\u00e7\u00f5es pessoais, pelo tempo necess\u00e1rio para cumprir nossas obriga\u00e7\u00f5es legais ou para atingir as finalidades para as quais as informa\u00e7\u00f5es foram originalmente coletadas e para as finalidades descritas na Pol\u00edtica de Privacidade e em nossas pol\u00edticas aplic\u00e1veis. Se voc\u00ea quiser obter mais detalhes sobre nossas pr\u00e1ticas de informa\u00e7\u00e3o, consulte a se\u00e7\u00e3o &#8220;Fale conosco&#8221; abaixo. <\/p>\n<p>Dados de registro<\/p>\n<p>Como muitos operadores de sites, a empresa coleta informa\u00e7\u00f5es que seu navegador envia sempre que voc\u00ea visita o Site (&#8220;Dados de registro&#8221;).<\/p>\n<p>Esses Dados de Registro podem incluir informa\u00e7\u00f5es como o endere\u00e7o de Protocolo de Internet (&#8220;IP&#8221;) do seu computador, o tipo de navegador, a vers\u00e3o do navegador, as p\u00e1ginas do Site que voc\u00ea visita, a hora e a data da sua visita, o tempo gasto nessas p\u00e1ginas e outras estat\u00edsticas.<\/p>\n<p>Al\u00e9m disso, a empresa pode usar servi\u00e7os de terceiros, como o Google Analytics, que coletam, monitoram e analisam informa\u00e7\u00f5es pessoais.<\/p>\n<p>Comunica\u00e7\u00f5es<\/p>\n<p>A empresa pode usar suas Informa\u00e7\u00f5es Pessoais para entrar em contato com voc\u00ea por meio de boletins informativos, materiais de marketing ou promocionais e outras informa\u00e7\u00f5es que a empresa acredita que possam ser de seu interesse.<\/p>\n<p>Cookies<\/p>\n<p>Cookies s\u00e3o arquivos com uma pequena quantidade de dados, que podem incluir um identificador exclusivo an\u00f4nimo. Os cookies s\u00e3o enviados ao seu navegador por um site e armazenados no disco r\u00edgido do seu computador. <\/p>\n<p>Como muitos sites, a empresa usa &#8220;cookies&#8221; para coletar informa\u00e7\u00f5es. Voc\u00ea pode instruir seu navegador a recusar todos os cookies ou a indicar quando um cookie est\u00e1 sendo enviado. Entretanto, se voc\u00ea n\u00e3o aceitar cookies, talvez n\u00e3o consiga usar algumas partes do Site.  <\/p>\n<p>Divulga\u00e7\u00e3o e transfer\u00eancia de informa\u00e7\u00f5es pessoais<\/p>\n<p>N\u00e3o divulgamos nenhuma informa\u00e7\u00e3o pessoal a partes n\u00e3o relacionadas fora da empresa, exceto em circunst\u00e2ncias limitadas. Essas circunst\u00e2ncias incluem divulga\u00e7\u00f5es a nossos agentes, processadores de dados ou outros contratados que atuem em nosso nome e sob nossa orienta\u00e7\u00e3o, sujeitos a compromissos apropriados de confidencialidade, privacidade e seguran\u00e7a das informa\u00e7\u00f5es fornecidos pela parte receptora, ou quando acreditarmos que isso seja necess\u00e1rio para fornecer um servi\u00e7o que voc\u00ea tenha solicitado, ou conforme permitido ou exigido por lei, ou conforme autorizado ou orientado por voc\u00ea. De acordo com nossas obriga\u00e7\u00f5es profissionais, podemos fornecer Informa\u00e7\u00f5es Pessoais a autoridades regulat\u00f3rias e policiais de acordo com a legisla\u00e7\u00e3o aplic\u00e1vel ou quando acreditarmos, de boa f\u00e9, que o fornecimento de tais informa\u00e7\u00f5es \u00e9 exigido ou permitido por lei, como, por exemplo, em rela\u00e7\u00e3o \u00e0 investiga\u00e7\u00e3o ou afirma\u00e7\u00e3o de nossas defesas legais ou para nossas quest\u00f5es de conformidade.  <\/p>\n<p>Como uma empresa internacional, operamos sistemas que podem tornar os dados relacionados aos seus assuntos acess\u00edveis a partir de nossos v\u00e1rios escrit\u00f3rios em todo o mundo e, com frequ\u00eancia, transferimos dados de clientes, que podem incluir Informa\u00e7\u00f5es Pessoais, entre nossos escrit\u00f3rios.<\/p>\n<p>Crian\u00e7as<\/p>\n<p>Para respeitar a privacidade de menores de idade, o Site n\u00e3o coleta, mant\u00e9m ou processa intencionalmente Informa\u00e7\u00f5es Pessoais enviadas on-line por meio do Site por menores de 18 anos. Na medida em que o Site coletar Informa\u00e7\u00f5es Pessoais de menores no contexto de uma das finalidades mencionadas na Pol\u00edtica de Privacidade, o Site somente o far\u00e1 com o consentimento apropriado ou conforme permitido pelas leis aplic\u00e1veis. <\/p>\n<p>Seus direitos de privacidade na Calif\u00f3rnia<\/p>\n<p>De acordo com a Se\u00e7\u00e3o 1798.100 do C\u00f3digo Civil da Calif\u00f3rnia (Lei de Privacidade do Consumidor da Calif\u00f3rnia), os residentes da Calif\u00f3rnia podem ter determinados direitos de prote\u00e7\u00e3o de dados com rela\u00e7\u00e3o \u00e0s suas Informa\u00e7\u00f5es Pessoais. Esses direitos, que podem estar sujeitos a limita\u00e7\u00f5es e\/ou restri\u00e7\u00f5es, incluem: (i) o direito \u00e0 divulga\u00e7\u00e3o, exclus\u00e3o, acesso e n\u00e3o discrimina\u00e7\u00e3o; e (ii) o direito de optar por n\u00e3o ter suas Informa\u00e7\u00f5es Pessoais compartilhadas ou vendidas. O Site n\u00e3o vende ou compartilha suas Informa\u00e7\u00f5es Pessoais com empresas terceirizadas para fins de marketing direto sem o seu consentimento. Para exercer seus direitos de acordo com a Lei de Privacidade do Consumidor da Calif\u00f3rnia, envie sua solicita\u00e7\u00e3o \u00e0 empresa usando a se\u00e7\u00e3o &#8220;Fale conosco&#8221; abaixo.     <\/p>\n<p>Altera\u00e7\u00f5es a esta pol\u00edtica de privacidade<\/p>\n<p>Esta Pol\u00edtica de Privacidade entra em vigor em 24 de janeiro de 2025 e permanecer\u00e1 em vigor, exceto com rela\u00e7\u00e3o a quaisquer altera\u00e7\u00f5es em suas disposi\u00e7\u00f5es no futuro, que entrar\u00e3o em vigor imediatamente ap\u00f3s serem publicadas nesta p\u00e1gina.<\/p>\n<p>A empresa se reserva o direito de atualizar ou alterar a Pol\u00edtica de Privacidade da empresa a qualquer momento, e voc\u00ea deve verificar esta Pol\u00edtica de Privacidade periodicamente. Se voc\u00ea continuar a usar o Servi\u00e7o depois que a empresa publicar quaisquer modifica\u00e7\u00f5es na Pol\u00edtica de Privacidade nesta p\u00e1gina, isso constituir\u00e1 seu reconhecimento das modifica\u00e7\u00f5es e seu consentimento em cumprir e estar vinculado \u00e0 Pol\u00edtica de Privacidade modificada. <\/p>\n<p>Se a empresa fizer qualquer altera\u00e7\u00e3o material nesta Pol\u00edtica de Privacidade, ela o notificar\u00e1 por meio do endere\u00e7o de e-mail que voc\u00ea nos forneceu ou colocando um aviso em destaque em nosso site.<\/p>\n<p>Entre em contato conosco<\/p>\n<p>A empresa mant\u00e9m uma Pol\u00edtica de Privacidade com um Diretor de Prote\u00e7\u00e3o de Dados para aprimorar e promover a conformidade com os princ\u00edpios de privacidade e prote\u00e7\u00e3o de dados. Esse cargo serve como ponto de contato para responder a perguntas, acessar, alterar ou corrigir suas informa\u00e7\u00f5es e resolver problemas e disputas. Se voc\u00ea tiver alguma d\u00favida relacionada ao uso de suas informa\u00e7\u00f5es pessoais pela empresa, entre em contato com o Diretor de Prote\u00e7\u00e3o de Dados pelo e-mail dataprotectionadmin@kostivcardinal.com ou pelo correio:  <\/p>\n<p>Cardeal de Kostiv<\/p>\n<p>ATTN: Diretor de Prote\u00e7\u00e3o de Dados<\/p>\n<p>3450 Wilshire Blvd, Suite 400<\/p>\n<p>Los Angeles, CA 90010<\/p>\t\t\t\t\t\t<\/div>\n\t\t\t\t<\/div>\n\t\t\t\t\t<\/div>\n\t\t\t\t<\/div>\n\t\t<div class=\"elementor-element elementor-element-c4ad31d e-flex e-con-boxed e-con e-parent\" data-id=\"c4ad31d\" data-element_type=\"container\">\n\t\t\t\t\t<div class=\"e-con-inner\">\n\t\t\t\t\t<\/div>\n\t\t\t\t<\/div>\n\t\t\t\t<\/div>\n\t\t","protected":false},"excerpt":{"rendered":"<p>Pol\u00edtica de privacidade \u00daltima atualiza\u00e7\u00e3o: 24 de janeiro de 2025 Como profissionais envolvidos na presta\u00e7\u00e3o de servi\u00e7os jur\u00eddicos a clientes em todo o mundo, a Kostiv Cardinal, incluindo suas parcerias afiliadas (&#8220;o escrit\u00f3rio&#8221;), opera o site https:\/\/kostivcardinal.com (&#8220;o Site&#8221;). O escrit\u00f3rio tem o compromisso de proteger a privacidade de informa\u00e7\u00f5es confidenciais e &#8220;Informa\u00e7\u00f5es Pessoais&#8221; (informa\u00e7\u00f5es [&hellip;]<\/p>\n","protected":false},"author":1,"featured_media":0,"parent":0,"menu_order":0,"comment_status":"closed","ping_status":"closed","template":"","meta":{"footnotes":""},"class_list":["post-12351","page","type-page","status-publish","hentry"],"yoast_head":"<!-- This site is optimized with the Yoast SEO Premium plugin v24.7 (Yoast SEO v24.7) - https:\/\/yoast.com\/wordpress\/plugins\/seo\/ -->\n<title>Pol\u00edtica de privacidade - Kostiv Cardinal<\/title>\n<meta name=\"robots\" content=\"index, follow, max-snippet:-1, max-image-preview:large, max-video-preview:-1\" \/>\n<link rel=\"canonical\" href=\"https:\/\/kostivcardinal.com\/pt-br\/politica-de-privacidade\/\" \/>\n<meta property=\"og:locale\" content=\"pt_BR\" \/>\n<meta property=\"og:type\" content=\"article\" \/>\n<meta property=\"og:title\" content=\"Pol\u00edtica de privacidade\" \/>\n<meta property=\"og:description\" content=\"Pol\u00edtica de privacidade \u00daltima atualiza\u00e7\u00e3o: 24 de janeiro de 2025 Como profissionais envolvidos na presta\u00e7\u00e3o de servi\u00e7os jur\u00eddicos a clientes em todo o mundo, a Kostiv Cardinal, incluindo suas parcerias afiliadas (&#8220;o escrit\u00f3rio&#8221;), opera o site https:\/\/kostivcardinal.com (&#8220;o Site&#8221;). O escrit\u00f3rio tem o compromisso de proteger a privacidade de informa\u00e7\u00f5es confidenciais e &#8220;Informa\u00e7\u00f5es Pessoais&#8221; (informa\u00e7\u00f5es [&hellip;]\" \/>\n<meta property=\"og:url\" content=\"https:\/\/kostivcardinal.com\/pt-br\/politica-de-privacidade\/\" \/>\n<meta property=\"og:site_name\" content=\"Kostiv Cardinal\" \/>\n<meta property=\"article:publisher\" content=\"https:\/\/facebook.com\/kostivcardinal\" \/>\n<meta property=\"article:modified_time\" content=\"2025-12-23T00:16:57+00:00\" \/>\n<meta property=\"og:image\" content=\"https:\/\/kostivcardinal.com\/wp-content\/uploads\/2025\/01\/descriptionimage.jpg\" \/>\n\t<meta property=\"og:image:width\" content=\"1200\" \/>\n\t<meta property=\"og:image:height\" content=\"630\" \/>\n\t<meta property=\"og:image:type\" content=\"image\/png\" \/>\n<meta name=\"twitter:card\" content=\"summary_large_image\" \/>\n<meta name=\"twitter:label1\" content=\"Est. tempo de leitura\" \/>\n\t<meta name=\"twitter:data1\" content=\"8 minutos\" \/>\n<script type=\"application\/ld+json\" class=\"yoast-schema-graph\">{\"@context\":\"https:\/\/schema.org\",\"@graph\":[{\"@type\":\"WebPage\",\"@id\":\"https:\/\/kostivcardinal.com\/pt-br\/politica-de-privacidade\/\",\"url\":\"https:\/\/kostivcardinal.com\/pt-br\/politica-de-privacidade\/\",\"name\":\"Pol\u00edtica de privacidade - Kostiv Cardinal\",\"isPartOf\":{\"@id\":\"https:\/\/kostivcardinal.com\/#website\"},\"datePublished\":\"2025-01-24T20:57:44+00:00\",\"dateModified\":\"2025-12-23T00:16:57+00:00\",\"breadcrumb\":{\"@id\":\"https:\/\/kostivcardinal.com\/pt-br\/politica-de-privacidade\/#breadcrumb\"},\"inLanguage\":\"pt-BR\",\"potentialAction\":[{\"@type\":\"ReadAction\",\"target\":[\"https:\/\/kostivcardinal.com\/pt-br\/politica-de-privacidade\/\"]}]},{\"@type\":\"BreadcrumbList\",\"@id\":\"https:\/\/kostivcardinal.com\/pt-br\/politica-de-privacidade\/#breadcrumb\",\"itemListElement\":[{\"@type\":\"ListItem\",\"position\":1,\"name\":\"Home\",\"item\":\"https:\/\/kostivcardinal.com\/pt-br\/inicio\/\"},{\"@type\":\"ListItem\",\"position\":2,\"name\":\"Pol\u00edtica de privacidade\"}]},{\"@type\":\"WebSite\",\"@id\":\"https:\/\/kostivcardinal.com\/#website\",\"url\":\"https:\/\/kostivcardinal.com\/\",\"name\":\"Kostiv Cardinal\",\"description\":\"Immigration Lawyers Helping Those In Need\",\"publisher\":{\"@id\":\"https:\/\/kostivcardinal.com\/#organization\"},\"potentialAction\":[{\"@type\":\"SearchAction\",\"target\":{\"@type\":\"EntryPoint\",\"urlTemplate\":\"https:\/\/kostivcardinal.com\/?s={search_term_string}\"},\"query-input\":{\"@type\":\"PropertyValueSpecification\",\"valueRequired\":true,\"valueName\":\"search_term_string\"}}],\"inLanguage\":\"pt-BR\"},{\"@type\":\"Organization\",\"@id\":\"https:\/\/kostivcardinal.com\/#organization\",\"name\":\"Kostiv Cardinal\",\"url\":\"https:\/\/kostivcardinal.com\/\",\"logo\":{\"@type\":\"ImageObject\",\"inLanguage\":\"pt-BR\",\"@id\":\"https:\/\/kostivcardinal.com\/#\/schema\/logo\/image\/\",\"url\":\"https:\/\/kostivcardinal.com\/wp-content\/uploads\/2024\/08\/Kostiv-Cardinal-Best-Immigration-Lawyers-in-Los-Angeles-Dark-Logo.png\",\"contentUrl\":\"https:\/\/kostivcardinal.com\/wp-content\/uploads\/2024\/08\/Kostiv-Cardinal-Best-Immigration-Lawyers-in-Los-Angeles-Dark-Logo.png\",\"width\":4307,\"height\":694,\"caption\":\"Kostiv Cardinal\"},\"image\":{\"@id\":\"https:\/\/kostivcardinal.com\/#\/schema\/logo\/image\/\"},\"sameAs\":[\"https:\/\/facebook.com\/kostivcardinal\"],\"email\":\"info@kostivlaw.com\",\"legalName\":\"Kostiv Cardinal\"}]}<\/script>\n<!-- \/ Yoast SEO Premium plugin. -->","yoast_head_json":{"title":"Pol\u00edtica de privacidade - Kostiv Cardinal","robots":{"index":"index","follow":"follow","max-snippet":"max-snippet:-1","max-image-preview":"max-image-preview:large","max-video-preview":"max-video-preview:-1"},"canonical":"https:\/\/kostivcardinal.com\/pt-br\/politica-de-privacidade\/","og_locale":"pt_BR","og_type":"article","og_title":"Pol\u00edtica de privacidade","og_description":"Pol\u00edtica de privacidade \u00daltima atualiza\u00e7\u00e3o: 24 de janeiro de 2025 Como profissionais envolvidos na presta\u00e7\u00e3o de servi\u00e7os jur\u00eddicos a clientes em todo o mundo, a Kostiv Cardinal, incluindo suas parcerias afiliadas (&#8220;o escrit\u00f3rio&#8221;), opera o site https:\/\/kostivcardinal.com (&#8220;o Site&#8221;). O escrit\u00f3rio tem o compromisso de proteger a privacidade de informa\u00e7\u00f5es confidenciais e &#8220;Informa\u00e7\u00f5es Pessoais&#8221; (informa\u00e7\u00f5es [&hellip;]","og_url":"https:\/\/kostivcardinal.com\/pt-br\/politica-de-privacidade\/","og_site_name":"Kostiv Cardinal","article_publisher":"https:\/\/facebook.com\/kostivcardinal","article_modified_time":"2025-12-23T00:16:57+00:00","og_image":[{"width":1200,"height":630,"url":"https:\/\/kostivcardinal.com\/wp-content\/uploads\/2025\/01\/descriptionimage.jpg","type":"image\/png"}],"twitter_card":"summary_large_image","twitter_misc":{"Est. tempo de leitura":"8 minutos"},"schema":{"@context":"https:\/\/schema.org","@graph":[{"@type":"WebPage","@id":"https:\/\/kostivcardinal.com\/pt-br\/politica-de-privacidade\/","url":"https:\/\/kostivcardinal.com\/pt-br\/politica-de-privacidade\/","name":"Pol\u00edtica de privacidade - Kostiv Cardinal","isPartOf":{"@id":"https:\/\/kostivcardinal.com\/#website"},"datePublished":"2025-01-24T20:57:44+00:00","dateModified":"2025-12-23T00:16:57+00:00","breadcrumb":{"@id":"https:\/\/kostivcardinal.com\/pt-br\/politica-de-privacidade\/#breadcrumb"},"inLanguage":"pt-BR","potentialAction":[{"@type":"ReadAction","target":["https:\/\/kostivcardinal.com\/pt-br\/politica-de-privacidade\/"]}]},{"@type":"BreadcrumbList","@id":"https:\/\/kostivcardinal.com\/pt-br\/politica-de-privacidade\/#breadcrumb","itemListElement":[{"@type":"ListItem","position":1,"name":"Home","item":"https:\/\/kostivcardinal.com\/pt-br\/inicio\/"},{"@type":"ListItem","position":2,"name":"Pol\u00edtica de privacidade"}]},{"@type":"WebSite","@id":"https:\/\/kostivcardinal.com\/#website","url":"https:\/\/kostivcardinal.com\/","name":"Kostiv Cardinal","description":"Immigration Lawyers Helping Those In Need","publisher":{"@id":"https:\/\/kostivcardinal.com\/#organization"},"potentialAction":[{"@type":"SearchAction","target":{"@type":"EntryPoint","urlTemplate":"https:\/\/kostivcardinal.com\/?s={search_term_string}"},"query-input":{"@type":"PropertyValueSpecification","valueRequired":true,"valueName":"search_term_string"}}],"inLanguage":"pt-BR"},{"@type":"Organization","@id":"https:\/\/kostivcardinal.com\/#organization","name":"Kostiv Cardinal","url":"https:\/\/kostivcardinal.com\/","logo":{"@type":"ImageObject","inLanguage":"pt-BR","@id":"https:\/\/kostivcardinal.com\/#\/schema\/logo\/image\/","url":"https:\/\/kostivcardinal.com\/wp-content\/uploads\/2024\/08\/Kostiv-Cardinal-Best-Immigration-Lawyers-in-Los-Angeles-Dark-Logo.png","contentUrl":"https:\/\/kostivcardinal.com\/wp-content\/uploads\/2024\/08\/Kostiv-Cardinal-Best-Immigration-Lawyers-in-Los-Angeles-Dark-Logo.png","width":4307,"height":694,"caption":"Kostiv Cardinal"},"image":{"@id":"https:\/\/kostivcardinal.com\/#\/schema\/logo\/image\/"},"sameAs":["https:\/\/facebook.com\/kostivcardinal"],"email":"info@kostivlaw.com","legalName":"Kostiv Cardinal"}]}},"_links":{"self":[{"href":"https:\/\/kostivcardinal.com\/pt-br\/wp-json\/wp\/v2\/pages\/12351","targetHints":{"allow":["GET"]}}],"collection":[{"href":"https:\/\/kostivcardinal.com\/pt-br\/wp-json\/wp\/v2\/pages"}],"about":[{"href":"https:\/\/kostivcardinal.com\/pt-br\/wp-json\/wp\/v2\/types\/page"}],"author":[{"embeddable":true,"href":"https:\/\/kostivcardinal.com\/pt-br\/wp-json\/wp\/v2\/users\/1"}],"replies":[{"embeddable":true,"href":"https:\/\/kostivcardinal.com\/pt-br\/wp-json\/wp\/v2\/comments?post=12351"}],"version-history":[{"count":1,"href":"https:\/\/kostivcardinal.com\/pt-br\/wp-json\/wp\/v2\/pages\/12351\/revisions"}],"predecessor-version":[{"id":12352,"href":"https:\/\/kostivcardinal.com\/pt-br\/wp-json\/wp\/v2\/pages\/12351\/revisions\/12352"}],"wp:attachment":[{"href":"https:\/\/kostivcardinal.com\/pt-br\/wp-json\/wp\/v2\/media?parent=12351"}],"curies":[{"name":"wp","href":"https:\/\/api.w.org\/{rel}","templated":true}]}}